{"id":4257,"date":"2022-09-19T13:39:43","date_gmt":"2022-09-19T13:39:43","guid":{"rendered":"https:\/\/www.donnafugata.it\/aut\/product\/kabir\/"},"modified":"2025-01-29T16:11:53","modified_gmt":"2025-01-29T16:11:53","slug":"kabir","status":"publish","type":"product","link":"https:\/\/www.donnafugata.it\/aut\/de\/produkt\/kabir\/","title":{"rendered":"Kabir"},"content":{"rendered":"<p><span data-sheets-value=\"{&quot;1&quot;:2,&quot;2&quot;:&quot;Ein nat\u00fcrlicher S\u00fc\u00dfwein von gro\u00dfer Anmut&quot;}\" data-sheets-userformat=\"{&quot;2&quot;:15233,&quot;3&quot;:{&quot;1&quot;:0},&quot;10&quot;:2,&quot;11&quot;:0,&quot;12&quot;:0,&quot;14&quot;:{&quot;1&quot;:2,&quot;2&quot;:0},&quot;15&quot;:&quot;Calibri, sans-serif&quot;,&quot;16&quot;:11}\">Ein nat\u00fcrlicher S\u00fc\u00dfwein von gro\u00dfer Anmut<\/span><\/p>\n","protected":false},"excerpt":{"rendered":"<p>Ein nat\u00fcrlicher S\u00fc\u00dfwein von gro\u00dfer Anmut<\/p>\n","protected":false},"featured_media":16330,"template":"","meta":[],"product_cat":[512],"product_tag":[],"acf":[],"yoast_head":"<!-- This site is optimized with the Yoast SEO plugin v19.10 - https:\/\/yoast.com\/wordpress\/plugins\/seo\/ -->\n<title>Kabir - Donnafugata<\/title>\n<meta name=\"robots\" content=\"noindex, follow\" \/>\n<meta property=\"og:locale\" content=\"de_DE\" \/>\n<meta property=\"og:type\" content=\"article\" \/>\n<meta property=\"og:title\" content=\"Kabir - Donnafugata\" \/>\n<meta property=\"og:description\" content=\"Ein nat\u00fcrlicher S\u00fc\u00dfwein von gro\u00dfer Anmut\" \/>\n<meta property=\"og:url\" content=\"https:\/\/www.donnafugata.it\/aut\/de\/produkt\/kabir\/\" \/>\n<meta property=\"og:site_name\" content=\"Donnafugata\" \/>\n<meta property=\"article:modified_time\" content=\"2025-01-29T16:11:53+00:00\" \/>\n<meta property=\"og:image\" content=\"https:\/\/www.donnafugata.it\/aut\/wp-content\/uploads\/sites\/3\/2022\/10\/1_VI08021B_Kabir-2021_075-L_Thumb.jpg\" \/>\n\t<meta property=\"og:image:width\" content=\"720\" \/>\n\t<meta property=\"og:image:height\" content=\"960\" \/>\n\t<meta property=\"og:image:type\" content=\"image\/jpeg\" \/>\n<meta name=\"twitter:card\" content=\"summary_large_image\" \/>\n<meta name=\"twitter:label1\" content=\"Gesch\u00e4tzte Lesezeit\" \/>\n\t<meta name=\"twitter:data1\" content=\"1 Minute\" \/>\n<script type=\"application\/ld+json\" class=\"yoast-schema-graph\">{\"@context\":\"https:\/\/schema.org\",\"@graph\":[{\"@type\":\"WebPage\",\"@id\":\"https:\/\/www.donnafugata.it\/aut\/de\/produkt\/kabir\/\",\"url\":\"https:\/\/www.donnafugata.it\/aut\/de\/produkt\/kabir\/\",\"name\":\"Kabir - Donnafugata\",\"isPartOf\":{\"@id\":\"https:\/\/www.donnafugata.it\/aut\/de\/#website\"},\"datePublished\":\"2022-09-19T13:39:43+00:00\",\"dateModified\":\"2025-01-29T16:11:53+00:00\",\"breadcrumb\":{\"@id\":\"https:\/\/www.donnafugata.it\/aut\/de\/produkt\/kabir\/#breadcrumb\"},\"inLanguage\":\"de-DE\",\"potentialAction\":[{\"@type\":\"ReadAction\",\"target\":[\"https:\/\/www.donnafugata.it\/aut\/de\/produkt\/kabir\/\"]}]},{\"@type\":\"BreadcrumbList\",\"@id\":\"https:\/\/www.donnafugata.it\/aut\/de\/produkt\/kabir\/#breadcrumb\",\"itemListElement\":[{\"@type\":\"ListItem\",\"position\":1,\"name\":\"Home\",\"item\":\"https:\/\/www.donnafugata.it\/aut\/de\/\"},{\"@type\":\"ListItem\",\"position\":2,\"name\":\"Shop\",\"item\":\"https:\/\/www.donnafugata.it\/aut\/de\/shop\/\"},{\"@type\":\"ListItem\",\"position\":3,\"name\":\"Kabir\"}]},{\"@type\":\"WebSite\",\"@id\":\"https:\/\/www.donnafugata.it\/aut\/de\/#website\",\"url\":\"https:\/\/www.donnafugata.it\/aut\/de\/\",\"name\":\"Donnafugata\",\"description\":\"Donnafugata AUT\",\"potentialAction\":[{\"@type\":\"SearchAction\",\"target\":{\"@type\":\"EntryPoint\",\"urlTemplate\":\"https:\/\/www.donnafugata.it\/aut\/de\/?s={search_term_string}\"},\"query-input\":\"required name=search_term_string\"}],\"inLanguage\":\"de-DE\"}]}<\/script>\n<!-- \/ Yoast SEO plugin. -->","yoast_head_json":{"title":"Kabir - Donnafugata","robots":{"index":"noindex","follow":"follow"},"og_locale":"de_DE","og_type":"article","og_title":"Kabir - Donnafugata","og_description":"Ein nat\u00fcrlicher S\u00fc\u00dfwein von gro\u00dfer Anmut","og_url":"https:\/\/www.donnafugata.it\/aut\/de\/produkt\/kabir\/","og_site_name":"Donnafugata","article_modified_time":"2025-01-29T16:11:53+00:00","og_image":[{"width":720,"height":960,"url":"https:\/\/www.donnafugata.it\/aut\/wp-content\/uploads\/sites\/3\/2022\/10\/1_VI08021B_Kabir-2021_075-L_Thumb.jpg","type":"image\/jpeg"}],"twitter_card":"summary_large_image","twitter_misc":{"Gesch\u00e4tzte Lesezeit":"1 Minute"},"schema":{"@context":"https:\/\/schema.org","@graph":[{"@type":"WebPage","@id":"https:\/\/www.donnafugata.it\/aut\/de\/produkt\/kabir\/","url":"https:\/\/www.donnafugata.it\/aut\/de\/produkt\/kabir\/","name":"Kabir - Donnafugata","isPartOf":{"@id":"https:\/\/www.donnafugata.it\/aut\/de\/#website"},"datePublished":"2022-09-19T13:39:43+00:00","dateModified":"2025-01-29T16:11:53+00:00","breadcrumb":{"@id":"https:\/\/www.donnafugata.it\/aut\/de\/produkt\/kabir\/#breadcrumb"},"inLanguage":"de-DE","potentialAction":[{"@type":"ReadAction","target":["https:\/\/www.donnafugata.it\/aut\/de\/produkt\/kabir\/"]}]},{"@type":"BreadcrumbList","@id":"https:\/\/www.donnafugata.it\/aut\/de\/produkt\/kabir\/#breadcrumb","itemListElement":[{"@type":"ListItem","position":1,"name":"Home","item":"https:\/\/www.donnafugata.it\/aut\/de\/"},{"@type":"ListItem","position":2,"name":"Shop","item":"https:\/\/www.donnafugata.it\/aut\/de\/shop\/"},{"@type":"ListItem","position":3,"name":"Kabir"}]},{"@type":"WebSite","@id":"https:\/\/www.donnafugata.it\/aut\/de\/#website","url":"https:\/\/www.donnafugata.it\/aut\/de\/","name":"Donnafugata","description":"Donnafugata AUT","potentialAction":[{"@type":"SearchAction","target":{"@type":"EntryPoint","urlTemplate":"https:\/\/www.donnafugata.it\/aut\/de\/?s={search_term_string}"},"query-input":"required name=search_term_string"}],"inLanguage":"de-DE"}]}},"_links":{"self":[{"href":"https:\/\/www.donnafugata.it\/aut\/de\/wp-json\/wp\/v2\/product\/4257"}],"collection":[{"href":"https:\/\/www.donnafugata.it\/aut\/de\/wp-json\/wp\/v2\/product"}],"about":[{"href":"https:\/\/www.donnafugata.it\/aut\/de\/wp-json\/wp\/v2\/types\/product"}],"wp:featuredmedia":[{"embeddable":true,"href":"https:\/\/www.donnafugata.it\/aut\/de\/wp-json\/wp\/v2\/media\/16330"}],"wp:attachment":[{"href":"https:\/\/www.donnafugata.it\/aut\/de\/wp-json\/wp\/v2\/media?parent=4257"}],"wp:term":[{"taxonomy":"product_cat","embeddable":true,"href":"https:\/\/www.donnafugata.it\/aut\/de\/wp-json\/wp\/v2\/product_cat?post=4257"},{"taxonomy":"product_tag","embeddable":true,"href":"https:\/\/www.donnafugata.it\/aut\/de\/wp-json\/wp\/v2\/product_tag?post=4257"}],"curies":[{"name":"wp","href":"https:\/\/api.w.org\/{rel}","templated":true}]}}