{"id":10431,"date":"2022-09-19T13:39:30","date_gmt":"2022-09-19T13:39:30","guid":{"rendered":"https:\/\/www.donnafugata.it\/bel\/product\/cuordilava-dolcegabbana-e-donnafugata\/"},"modified":"2025-01-30T10:41:35","modified_gmt":"2025-01-30T10:41:35","slug":"cuordilava-dolcegabbana-e-donnafugata","status":"publish","type":"product","link":"https:\/\/www.donnafugata.it\/bel\/de\/produkt\/cuordilava-dolcegabbana-e-donnafugata\/","title":{"rendered":"Cuordilava Dolce&amp;Gabbana e Donnafugata"},"content":{"rendered":"<p><span data-sheets-value=\"{&quot;1&quot;:2,&quot;2&quot;:&quot;Ein Rotwein von eleganter Mineralit\u00e4t und au\u00dfergew\u00f6hnlicher vulkanischer Pers\u00f6nlichkeit&quot;}\" data-sheets-userformat=\"{&quot;2&quot;:15233,&quot;3&quot;:{&quot;1&quot;:0},&quot;10&quot;:2,&quot;11&quot;:0,&quot;12&quot;:0,&quot;14&quot;:{&quot;1&quot;:2,&quot;2&quot;:0},&quot;15&quot;:&quot;Calibri, sans-serif&quot;,&quot;16&quot;:11}\">Ein Rotwein von eleganter Mineralit\u00e4t und au\u00dfergew\u00f6hnlicher vulkanischer Pers\u00f6nlichkeit<\/span><\/p>\n","protected":false},"excerpt":{"rendered":"<p>Ein Rotwein von eleganter Mineralit\u00e4t und au\u00dfergew\u00f6hnlicher vulkanischer Pers\u00f6nlichkeit<\/p>\n","protected":false},"featured_media":9775,"template":"","meta":[],"product_cat":[312],"product_tag":[],"acf":[],"yoast_head":"<!-- This site is optimized with the Yoast SEO plugin v19.10 - https:\/\/yoast.com\/wordpress\/plugins\/seo\/ -->\n<title>Cuordilava Dolce&amp;Gabbana e Donnafugata - Donnafugata<\/title>\n<meta name=\"robots\" content=\"noindex, follow\" \/>\n<meta property=\"og:locale\" content=\"de_DE\" \/>\n<meta property=\"og:type\" content=\"article\" \/>\n<meta property=\"og:title\" content=\"Cuordilava Dolce&amp;Gabbana e Donnafugata - Donnafugata\" \/>\n<meta property=\"og:description\" content=\"Ein Rotwein von eleganter Mineralit\u00e4t und au\u00dfergew\u00f6hnlicher vulkanischer Pers\u00f6nlichkeit\" \/>\n<meta property=\"og:url\" content=\"https:\/\/www.donnafugata.it\/bel\/de\/produkt\/cuordilava-dolcegabbana-e-donnafugata\/\" \/>\n<meta property=\"og:site_name\" content=\"Donnafugata\" \/>\n<meta property=\"article:modified_time\" content=\"2025-01-30T10:41:35+00:00\" \/>\n<meta property=\"og:image\" content=\"https:\/\/www.donnafugata.it\/bel\/wp-content\/uploads\/sites\/4\/2022\/10\/1_VI86218B_Cuordilava-2018_075-L_thumb.jpg\" \/>\n\t<meta property=\"og:image:width\" content=\"720\" \/>\n\t<meta property=\"og:image:height\" content=\"959\" \/>\n\t<meta property=\"og:image:type\" content=\"image\/jpeg\" \/>\n<meta name=\"twitter:card\" content=\"summary_large_image\" \/>\n<meta name=\"twitter:label1\" content=\"Gesch\u00e4tzte Lesezeit\" \/>\n\t<meta name=\"twitter:data1\" content=\"1 Minute\" \/>\n<script type=\"application\/ld+json\" class=\"yoast-schema-graph\">{\"@context\":\"https:\/\/schema.org\",\"@graph\":[{\"@type\":\"WebPage\",\"@id\":\"https:\/\/www.donnafugata.it\/bel\/de\/produkt\/cuordilava-dolcegabbana-e-donnafugata\/\",\"url\":\"https:\/\/www.donnafugata.it\/bel\/de\/produkt\/cuordilava-dolcegabbana-e-donnafugata\/\",\"name\":\"Cuordilava Dolce&amp;Gabbana e Donnafugata - Donnafugata\",\"isPartOf\":{\"@id\":\"https:\/\/www.donnafugata.it\/bel\/en\/#website\"},\"datePublished\":\"2022-09-19T13:39:30+00:00\",\"dateModified\":\"2025-01-30T10:41:35+00:00\",\"breadcrumb\":{\"@id\":\"https:\/\/www.donnafugata.it\/bel\/de\/produkt\/cuordilava-dolcegabbana-e-donnafugata\/#breadcrumb\"},\"inLanguage\":\"de-DE\",\"potentialAction\":[{\"@type\":\"ReadAction\",\"target\":[\"https:\/\/www.donnafugata.it\/bel\/de\/produkt\/cuordilava-dolcegabbana-e-donnafugata\/\"]}]},{\"@type\":\"BreadcrumbList\",\"@id\":\"https:\/\/www.donnafugata.it\/bel\/de\/produkt\/cuordilava-dolcegabbana-e-donnafugata\/#breadcrumb\",\"itemListElement\":[{\"@type\":\"ListItem\",\"position\":1,\"name\":\"Home\",\"item\":\"https:\/\/www.donnafugata.it\/bel\/en\/\"},{\"@type\":\"ListItem\",\"position\":2,\"name\":\"Shop\",\"item\":\"https:\/\/www.donnafugata.it\/bel\/de\/shop\/\"},{\"@type\":\"ListItem\",\"position\":3,\"name\":\"Cuordilava Dolce&amp;Gabbana e Donnafugata\"}]},{\"@type\":\"WebSite\",\"@id\":\"https:\/\/www.donnafugata.it\/bel\/en\/#website\",\"url\":\"https:\/\/www.donnafugata.it\/bel\/en\/\",\"name\":\"Donnafugata\",\"description\":\"Donnafugata BEL\",\"potentialAction\":[{\"@type\":\"SearchAction\",\"target\":{\"@type\":\"EntryPoint\",\"urlTemplate\":\"https:\/\/www.donnafugata.it\/bel\/en\/?s={search_term_string}\"},\"query-input\":\"required name=search_term_string\"}],\"inLanguage\":\"de-DE\"}]}<\/script>\n<!-- \/ Yoast SEO plugin. -->","yoast_head_json":{"title":"Cuordilava Dolce&amp;Gabbana e Donnafugata - Donnafugata","robots":{"index":"noindex","follow":"follow"},"og_locale":"de_DE","og_type":"article","og_title":"Cuordilava Dolce&amp;Gabbana e Donnafugata - Donnafugata","og_description":"Ein Rotwein von eleganter Mineralit\u00e4t und au\u00dfergew\u00f6hnlicher vulkanischer Pers\u00f6nlichkeit","og_url":"https:\/\/www.donnafugata.it\/bel\/de\/produkt\/cuordilava-dolcegabbana-e-donnafugata\/","og_site_name":"Donnafugata","article_modified_time":"2025-01-30T10:41:35+00:00","og_image":[{"width":720,"height":959,"url":"https:\/\/www.donnafugata.it\/bel\/wp-content\/uploads\/sites\/4\/2022\/10\/1_VI86218B_Cuordilava-2018_075-L_thumb.jpg","type":"image\/jpeg"}],"twitter_card":"summary_large_image","twitter_misc":{"Gesch\u00e4tzte Lesezeit":"1 Minute"},"schema":{"@context":"https:\/\/schema.org","@graph":[{"@type":"WebPage","@id":"https:\/\/www.donnafugata.it\/bel\/de\/produkt\/cuordilava-dolcegabbana-e-donnafugata\/","url":"https:\/\/www.donnafugata.it\/bel\/de\/produkt\/cuordilava-dolcegabbana-e-donnafugata\/","name":"Cuordilava Dolce&amp;Gabbana e Donnafugata - Donnafugata","isPartOf":{"@id":"https:\/\/www.donnafugata.it\/bel\/en\/#website"},"datePublished":"2022-09-19T13:39:30+00:00","dateModified":"2025-01-30T10:41:35+00:00","breadcrumb":{"@id":"https:\/\/www.donnafugata.it\/bel\/de\/produkt\/cuordilava-dolcegabbana-e-donnafugata\/#breadcrumb"},"inLanguage":"de-DE","potentialAction":[{"@type":"ReadAction","target":["https:\/\/www.donnafugata.it\/bel\/de\/produkt\/cuordilava-dolcegabbana-e-donnafugata\/"]}]},{"@type":"BreadcrumbList","@id":"https:\/\/www.donnafugata.it\/bel\/de\/produkt\/cuordilava-dolcegabbana-e-donnafugata\/#breadcrumb","itemListElement":[{"@type":"ListItem","position":1,"name":"Home","item":"https:\/\/www.donnafugata.it\/bel\/en\/"},{"@type":"ListItem","position":2,"name":"Shop","item":"https:\/\/www.donnafugata.it\/bel\/de\/shop\/"},{"@type":"ListItem","position":3,"name":"Cuordilava Dolce&amp;Gabbana e Donnafugata"}]},{"@type":"WebSite","@id":"https:\/\/www.donnafugata.it\/bel\/en\/#website","url":"https:\/\/www.donnafugata.it\/bel\/en\/","name":"Donnafugata","description":"Donnafugata BEL","potentialAction":[{"@type":"SearchAction","target":{"@type":"EntryPoint","urlTemplate":"https:\/\/www.donnafugata.it\/bel\/en\/?s={search_term_string}"},"query-input":"required name=search_term_string"}],"inLanguage":"de-DE"}]}},"_links":{"self":[{"href":"https:\/\/www.donnafugata.it\/bel\/de\/wp-json\/wp\/v2\/product\/10431"}],"collection":[{"href":"https:\/\/www.donnafugata.it\/bel\/de\/wp-json\/wp\/v2\/product"}],"about":[{"href":"https:\/\/www.donnafugata.it\/bel\/de\/wp-json\/wp\/v2\/types\/product"}],"wp:featuredmedia":[{"embeddable":true,"href":"https:\/\/www.donnafugata.it\/bel\/de\/wp-json\/wp\/v2\/media\/9775"}],"wp:attachment":[{"href":"https:\/\/www.donnafugata.it\/bel\/de\/wp-json\/wp\/v2\/media?parent=10431"}],"wp:term":[{"taxonomy":"product_cat","embeddable":true,"href":"https:\/\/www.donnafugata.it\/bel\/de\/wp-json\/wp\/v2\/product_cat?post=10431"},{"taxonomy":"product_tag","embeddable":true,"href":"https:\/\/www.donnafugata.it\/bel\/de\/wp-json\/wp\/v2\/product_tag?post=10431"}],"curies":[{"name":"wp","href":"https:\/\/api.w.org\/{rel}","templated":true}]}}