{"id":45402,"date":"2022-09-06T10:01:51","date_gmt":"2022-09-06T10:01:51","guid":{"rendered":"https:\/\/www.donnafugata.it\/listing-tenute\/marsala\/"},"modified":"2025-05-16T09:20:50","modified_gmt":"2025-05-16T09:20:50","slug":"marsala","status":"publish","type":"page","link":"https:\/\/www.donnafugata.it\/de\/die-weinguter\/marsala\/","title":{"rendered":"Marsala"},"content":{"rendered":"","protected":false},"excerpt":{"rendered":"","protected":false},"author":1,"featured_media":44490,"parent":45386,"menu_order":0,"comment_status":"closed","ping_status":"closed","template":"templates\/tpl-estate.php","meta":[],"acf":[],"yoast_head":"<!-- This site is optimized with the Yoast SEO plugin v19.10 - https:\/\/yoast.com\/wordpress\/plugins\/seo\/ -->\n<title>Marsala: Die historische Familienkellerei<\/title>\n<meta name=\"description\" content=\"Die historischen Kellergeb\u00e4ude in Marsala aus dem Jahr 1851 stellen eine hervorragende Produktionsst\u00e4tte dar, die bis heute die typische Form eines mediterranen Baglio bewahrt hat, mit einem gro\u00dfen und stimmungsvollen Innenhof, in dem Oliven- und Zitrusb\u00e4ume wachsen. In Marsala bauen wir die Weine aus, die in unseren anderen Standorten vinifiziert wurden.\" \/>\n<meta name=\"robots\" content=\"index, follow, max-snippet:-1, max-image-preview:large, max-video-preview:-1\" \/>\n<meta property=\"og:locale\" content=\"de_DE\" \/>\n<meta property=\"og:type\" content=\"article\" \/>\n<meta property=\"og:title\" content=\"Marsala: Die historische Familienkellerei\" \/>\n<meta property=\"og:description\" content=\"Die historischen Kellergeb\u00e4ude in Marsala aus dem Jahr 1851 stellen eine hervorragende Produktionsst\u00e4tte dar, die bis heute die typische Form eines mediterranen Baglio bewahrt hat, mit einem gro\u00dfen und stimmungsvollen Innenhof, in dem Oliven- und Zitrusb\u00e4ume wachsen. In Marsala bauen wir die Weine aus, die in unseren anderen Standorten vinifiziert wurden.\" \/>\n<meta property=\"og:url\" content=\"https:\/\/www.donnafugata.it\/de\/die-weinguter\/marsala\/\" \/>\n<meta property=\"og:site_name\" content=\"Donnafugata\" \/>\n<meta property=\"article:modified_time\" content=\"2025-05-16T09:20:50+00:00\" \/>\n<meta property=\"og:image\" content=\"https:\/\/www.donnafugata.it\/wp-content\/uploads\/2022\/10\/Donnafugata-Marsala-01.jpg\" \/>\n\t<meta property=\"og:image:width\" content=\"1080\" \/>\n\t<meta property=\"og:image:height\" content=\"675\" \/>\n\t<meta property=\"og:image:type\" content=\"image\/jpeg\" \/>\n<meta name=\"twitter:card\" content=\"summary_large_image\" \/>\n<script type=\"application\/ld+json\" class=\"yoast-schema-graph\">{\"@context\":\"https:\/\/schema.org\",\"@graph\":[{\"@type\":\"WebPage\",\"@id\":\"https:\/\/www.donnafugata.it\/de\/die-weinguter\/marsala\/\",\"url\":\"https:\/\/www.donnafugata.it\/de\/die-weinguter\/marsala\/\",\"name\":\"Marsala: Die historische Familienkellerei\",\"isPartOf\":{\"@id\":\"https:\/\/www.donnafugata.it\/en\/#website\"},\"datePublished\":\"2022-09-06T10:01:51+00:00\",\"dateModified\":\"2025-05-16T09:20:50+00:00\",\"description\":\"Die historischen Kellergeb\u00e4ude in Marsala aus dem Jahr 1851 stellen eine hervorragende Produktionsst\u00e4tte dar, die bis heute die typische Form eines mediterranen Baglio bewahrt hat, mit einem gro\u00dfen und stimmungsvollen Innenhof, in dem Oliven- und Zitrusb\u00e4ume wachsen. In Marsala bauen wir die Weine aus, die in unseren anderen Standorten vinifiziert wurden.\",\"breadcrumb\":{\"@id\":\"https:\/\/www.donnafugata.it\/de\/die-weinguter\/marsala\/#breadcrumb\"},\"inLanguage\":\"de-DE\",\"potentialAction\":[{\"@type\":\"ReadAction\",\"target\":[\"https:\/\/www.donnafugata.it\/de\/die-weinguter\/marsala\/\"]}]},{\"@type\":\"BreadcrumbList\",\"@id\":\"https:\/\/www.donnafugata.it\/de\/die-weinguter\/marsala\/#breadcrumb\",\"itemListElement\":[{\"@type\":\"ListItem\",\"position\":1,\"name\":\"Home\",\"item\":\"https:\/\/www.donnafugata.it\/de\/\"},{\"@type\":\"ListItem\",\"position\":2,\"name\":\"Weing\u00fcter\",\"item\":\"https:\/\/www.donnafugata.it\/de\/die-weinguter\/\"},{\"@type\":\"ListItem\",\"position\":3,\"name\":\"Marsala\"}]},{\"@type\":\"WebSite\",\"@id\":\"https:\/\/www.donnafugata.it\/en\/#website\",\"url\":\"https:\/\/www.donnafugata.it\/en\/\",\"name\":\"Donnafugata\",\"description\":\"Donnafugata INT\",\"potentialAction\":[{\"@type\":\"SearchAction\",\"target\":{\"@type\":\"EntryPoint\",\"urlTemplate\":\"https:\/\/www.donnafugata.it\/en\/?s={search_term_string}\"},\"query-input\":\"required name=search_term_string\"}],\"inLanguage\":\"de-DE\"}]}<\/script>\n<!-- \/ Yoast SEO plugin. -->","yoast_head_json":{"title":"Marsala: Die historische Familienkellerei","description":"Die historischen Kellergeb\u00e4ude in Marsala aus dem Jahr 1851 stellen eine hervorragende Produktionsst\u00e4tte dar, die bis heute die typische Form eines mediterranen Baglio bewahrt hat, mit einem gro\u00dfen und stimmungsvollen Innenhof, in dem Oliven- und Zitrusb\u00e4ume wachsen. In Marsala bauen wir die Weine aus, die in unseren anderen Standorten vinifiziert wurden.","robots":{"index":"index","follow":"follow","max-snippet":"max-snippet:-1","max-image-preview":"max-image-preview:large","max-video-preview":"max-video-preview:-1"},"og_locale":"de_DE","og_type":"article","og_title":"Marsala: Die historische Familienkellerei","og_description":"Die historischen Kellergeb\u00e4ude in Marsala aus dem Jahr 1851 stellen eine hervorragende Produktionsst\u00e4tte dar, die bis heute die typische Form eines mediterranen Baglio bewahrt hat, mit einem gro\u00dfen und stimmungsvollen Innenhof, in dem Oliven- und Zitrusb\u00e4ume wachsen. In Marsala bauen wir die Weine aus, die in unseren anderen Standorten vinifiziert wurden.","og_url":"https:\/\/www.donnafugata.it\/de\/die-weinguter\/marsala\/","og_site_name":"Donnafugata","article_modified_time":"2025-05-16T09:20:50+00:00","og_image":[{"width":1080,"height":675,"url":"https:\/\/www.donnafugata.it\/wp-content\/uploads\/2022\/10\/Donnafugata-Marsala-01.jpg","type":"image\/jpeg"}],"twitter_card":"summary_large_image","schema":{"@context":"https:\/\/schema.org","@graph":[{"@type":"WebPage","@id":"https:\/\/www.donnafugata.it\/de\/die-weinguter\/marsala\/","url":"https:\/\/www.donnafugata.it\/de\/die-weinguter\/marsala\/","name":"Marsala: Die historische Familienkellerei","isPartOf":{"@id":"https:\/\/www.donnafugata.it\/en\/#website"},"datePublished":"2022-09-06T10:01:51+00:00","dateModified":"2025-05-16T09:20:50+00:00","description":"Die historischen Kellergeb\u00e4ude in Marsala aus dem Jahr 1851 stellen eine hervorragende Produktionsst\u00e4tte dar, die bis heute die typische Form eines mediterranen Baglio bewahrt hat, mit einem gro\u00dfen und stimmungsvollen Innenhof, in dem Oliven- und Zitrusb\u00e4ume wachsen. In Marsala bauen wir die Weine aus, die in unseren anderen Standorten vinifiziert wurden.","breadcrumb":{"@id":"https:\/\/www.donnafugata.it\/de\/die-weinguter\/marsala\/#breadcrumb"},"inLanguage":"de-DE","potentialAction":[{"@type":"ReadAction","target":["https:\/\/www.donnafugata.it\/de\/die-weinguter\/marsala\/"]}]},{"@type":"BreadcrumbList","@id":"https:\/\/www.donnafugata.it\/de\/die-weinguter\/marsala\/#breadcrumb","itemListElement":[{"@type":"ListItem","position":1,"name":"Home","item":"https:\/\/www.donnafugata.it\/de\/"},{"@type":"ListItem","position":2,"name":"Weing\u00fcter","item":"https:\/\/www.donnafugata.it\/de\/die-weinguter\/"},{"@type":"ListItem","position":3,"name":"Marsala"}]},{"@type":"WebSite","@id":"https:\/\/www.donnafugata.it\/en\/#website","url":"https:\/\/www.donnafugata.it\/en\/","name":"Donnafugata","description":"Donnafugata INT","potentialAction":[{"@type":"SearchAction","target":{"@type":"EntryPoint","urlTemplate":"https:\/\/www.donnafugata.it\/en\/?s={search_term_string}"},"query-input":"required name=search_term_string"}],"inLanguage":"de-DE"}]}},"_links":{"self":[{"href":"https:\/\/www.donnafugata.it\/de\/wp-json\/wp\/v2\/pages\/45402"}],"collection":[{"href":"https:\/\/www.donnafugata.it\/de\/wp-json\/wp\/v2\/pages"}],"about":[{"href":"https:\/\/www.donnafugata.it\/de\/wp-json\/wp\/v2\/types\/page"}],"author":[{"embeddable":true,"href":"https:\/\/www.donnafugata.it\/de\/wp-json\/wp\/v2\/users\/1"}],"replies":[{"embeddable":true,"href":"https:\/\/www.donnafugata.it\/de\/wp-json\/wp\/v2\/comments?post=45402"}],"version-history":[{"count":1,"href":"https:\/\/www.donnafugata.it\/de\/wp-json\/wp\/v2\/pages\/45402\/revisions"}],"predecessor-version":[{"id":230324,"href":"https:\/\/www.donnafugata.it\/de\/wp-json\/wp\/v2\/pages\/45402\/revisions\/230324"}],"up":[{"embeddable":true,"href":"https:\/\/www.donnafugata.it\/de\/wp-json\/wp\/v2\/pages\/45386"}],"wp:featuredmedia":[{"embeddable":true,"href":"https:\/\/www.donnafugata.it\/de\/wp-json\/wp\/v2\/media\/44490"}],"wp:attachment":[{"href":"https:\/\/www.donnafugata.it\/de\/wp-json\/wp\/v2\/media?parent=45402"}],"curies":[{"name":"wp","href":"https:\/\/api.w.org\/{rel}","templated":true}]}}