{"id":45440,"date":"2022-09-06T09:02:06","date_gmt":"2022-09-06T09:02:06","guid":{"rendered":"https:\/\/www.donnafugata.it\/spedizione-e-resi\/"},"modified":"2022-11-07T17:30:53","modified_gmt":"2022-11-07T17:30:53","slug":"shipping-policies","status":"publish","type":"page","link":"https:\/\/www.donnafugata.it\/de\/shipping-policies\/","title":{"rendered":"Shipping Policies"},"content":{"rendered":"<p>Gli ordini vengono consegnati dal luned\u00ec al venerd\u00ec dalle 8:00 &#8211; 20:00.<\/p>\n<p>I costi di spedizione variano a seconda della dimensione, del peso e della destinazione degli articoli scelti.<\/p>\n<p>Possono essere applicate restrizioni sulla quantit\u00e0 di prodotti acquistabili, per ordini effettuati fuori dell&#8217;Unione Europea.<\/p>\n<p>Tutte le informazioni di consegna, i dettagli sulle imposte e sui dazi, nonch\u00e8 la destinazione di spedizione verranno visualizzati nel carrello.<\/p>\n<p>Tutti i pacchi sono consegnati da Milkman a Milano, da BRT, GLS, SDA, UPS nel resto d&#8217;Italia e da UPS Express Courier in Europa e nel mondo con tempi variabili a seconda delle destinazioni. Si precisa che i tempi di consegna sono solo indicativi e vengono calcolati dal giorno di spedizione.<\/p>\n<p>WinePlatform non si assume la responsabilit\u00e0 per ritardi di sdoganamento, ma si impegna a ridurre al minimo eventuali inconvenienti. Si prega di verificare tutti i dettagli nella seguente tabella.<\/p>\n<p>&nbsp;<\/p>\n<table>\n<thead>\n<tr>\n<td>Nazione<\/td>\n<td colspan=\"3\">Costi di spedizione per N. di prodotti<\/td>\n<\/tr>\n<tr>\n<td>Quantit\u00e0<\/td>\n<td>Da 1 a 3<\/td>\n<td>Da 4 a 6<\/td>\n<td>Da 7 a 12<\/td>\n<\/tr>\n<\/thead>\n<tbody>\n<tr>\n<td>Italia<\/td>\n<td>9,90<\/td>\n<td>9,90<\/td>\n<td>9,90<\/td>\n<\/tr>\n<tr>\n<td>Austria<\/td>\n<td>9,90<\/td>\n<td>9,90<\/td>\n<td>9,90<\/td>\n<\/tr>\n<tr>\n<td>Belgio<\/td>\n<td>9,90<\/td>\n<td>9,90<\/td>\n<td>9,90<\/td>\n<\/tr>\n<tr>\n<td>Francia<\/td>\n<td>9,90<\/td>\n<td>9,90<\/td>\n<td>9,90<\/td>\n<\/tr>\n<tr>\n<td>Germania<\/td>\n<td>9,90<\/td>\n<td>9,90<\/td>\n<td>9,90<\/td>\n<\/tr>\n<tr>\n<td>Spagna<\/td>\n<td>9,90<\/td>\n<td>9,90<\/td>\n<td>9,90<\/td>\n<\/tr>\n<\/tbody>\n<\/table>\n<p>&nbsp;<\/p>\n<h3>Imposte e Dazi<\/h3>\n<p>Nell&#8217;ordine di acquisto \u00e8 gi\u00e0 incluso il costo delle tasse e dei dazi, quindi al ricevimento della merce non \u00e8 dovuta nessun&#8217;altra commissione.<\/p>\n<p>&nbsp;<\/p>\n<h3>Tracciabilit\u00e0 dell&#8217;ordine<\/h3>\n<p>Dopo aver effettuato un ordine, riceverai un&#8217;e-mail contenente tutti i dettagli del tuo acquisto. Se desiderassi ulteriori informazioni, non esitare a metterti in contatto con noi. La spedizione viene effettuata entro 24 ore dalla data dell&#8217;ordine per i prodotti disponibili in pronta consegna. Non appena il pacco viene consegnato al corriere, inizia la sua tracciabilit\u00e0 telematica e viene stimato il giorno di arrivo. Puoi seguire l\u2019andamento della consegna, accedendo alla pagina di monitoraggio del corriere, tramite il link che ti invieremo via email.<\/p>\n","protected":false},"excerpt":{"rendered":"<p>Gli ordini vengono consegnati dal luned\u00ec al venerd\u00ec dalle 8:00 &#8211; 20:00. I costi di spedizione variano a seconda della dimensione, del peso e della destinazione degli articoli scelti. Possono essere applicate restrizioni sulla quantit\u00e0 di prodotti acquistabili, per ordini effettuati fuori dell&#8217;Unione Europea. Tutte le informazioni di consegna, i dettagli sulle imposte e sui [&hellip;]<\/p>\n","protected":false},"author":1,"featured_media":0,"parent":0,"menu_order":0,"comment_status":"closed","ping_status":"closed","template":"templates\/tpl-support.php","meta":[],"acf":[],"yoast_head":"<!-- This site is optimized with the Yoast SEO plugin v19.10 - https:\/\/yoast.com\/wordpress\/plugins\/seo\/ -->\n<title>Shipping Policies - Donnafugata<\/title>\n<meta name=\"description\" content=\"Gli ordini vengono consegnati dal luned\u00ec al venerd\u00ec dalle 8:00 - 20:00. I costi di spedizione variano a seconda della dimensione, del peso e della\" \/>\n<meta name=\"robots\" content=\"index, follow, max-snippet:-1, max-image-preview:large, max-video-preview:-1\" \/>\n<meta property=\"og:locale\" content=\"de_DE\" \/>\n<meta property=\"og:type\" content=\"article\" \/>\n<meta property=\"og:title\" content=\"Shipping Policies - Donnafugata\" \/>\n<meta property=\"og:description\" content=\"Gli ordini vengono consegnati dal luned\u00ec al venerd\u00ec dalle 8:00 - 20:00. I costi di spedizione variano a seconda della dimensione, del peso e della\" \/>\n<meta property=\"og:url\" content=\"https:\/\/www.donnafugata.it\/de\/shipping-policies\/\" \/>\n<meta property=\"og:site_name\" content=\"Donnafugata\" \/>\n<meta property=\"article:modified_time\" content=\"2022-11-07T17:30:53+00:00\" \/>\n<meta name=\"twitter:card\" content=\"summary_large_image\" \/>\n<meta name=\"twitter:label1\" content=\"Gesch\u00e4tzte Lesezeit\" \/>\n\t<meta name=\"twitter:data1\" content=\"1 Minute\" \/>\n<script type=\"application\/ld+json\" class=\"yoast-schema-graph\">{\"@context\":\"https:\/\/schema.org\",\"@graph\":[{\"@type\":\"WebPage\",\"@id\":\"https:\/\/www.donnafugata.it\/de\/shipping-policies\/\",\"url\":\"https:\/\/www.donnafugata.it\/de\/shipping-policies\/\",\"name\":\"Shipping Policies - Donnafugata\",\"isPartOf\":{\"@id\":\"https:\/\/www.donnafugata.it\/en\/#website\"},\"datePublished\":\"2022-09-06T09:02:06+00:00\",\"dateModified\":\"2022-11-07T17:30:53+00:00\",\"description\":\"Gli ordini vengono consegnati dal luned\u00ec al venerd\u00ec dalle 8:00 - 20:00. I costi di spedizione variano a seconda della dimensione, del peso e della\",\"breadcrumb\":{\"@id\":\"https:\/\/www.donnafugata.it\/de\/shipping-policies\/#breadcrumb\"},\"inLanguage\":\"de-DE\",\"potentialAction\":[{\"@type\":\"ReadAction\",\"target\":[\"https:\/\/www.donnafugata.it\/de\/shipping-policies\/\"]}]},{\"@type\":\"BreadcrumbList\",\"@id\":\"https:\/\/www.donnafugata.it\/de\/shipping-policies\/#breadcrumb\",\"itemListElement\":[{\"@type\":\"ListItem\",\"position\":1,\"name\":\"Home\",\"item\":\"https:\/\/www.donnafugata.it\/de\/\"},{\"@type\":\"ListItem\",\"position\":2,\"name\":\"Shipping Policies\"}]},{\"@type\":\"WebSite\",\"@id\":\"https:\/\/www.donnafugata.it\/en\/#website\",\"url\":\"https:\/\/www.donnafugata.it\/en\/\",\"name\":\"Donnafugata\",\"description\":\"Donnafugata INT\",\"potentialAction\":[{\"@type\":\"SearchAction\",\"target\":{\"@type\":\"EntryPoint\",\"urlTemplate\":\"https:\/\/www.donnafugata.it\/en\/?s={search_term_string}\"},\"query-input\":\"required name=search_term_string\"}],\"inLanguage\":\"de-DE\"}]}<\/script>\n<!-- \/ Yoast SEO plugin. -->","yoast_head_json":{"title":"Shipping Policies - Donnafugata","description":"Gli ordini vengono consegnati dal luned\u00ec al venerd\u00ec dalle 8:00 - 20:00. I costi di spedizione variano a seconda della dimensione, del peso e della","robots":{"index":"index","follow":"follow","max-snippet":"max-snippet:-1","max-image-preview":"max-image-preview:large","max-video-preview":"max-video-preview:-1"},"og_locale":"de_DE","og_type":"article","og_title":"Shipping Policies - Donnafugata","og_description":"Gli ordini vengono consegnati dal luned\u00ec al venerd\u00ec dalle 8:00 - 20:00. I costi di spedizione variano a seconda della dimensione, del peso e della","og_url":"https:\/\/www.donnafugata.it\/de\/shipping-policies\/","og_site_name":"Donnafugata","article_modified_time":"2022-11-07T17:30:53+00:00","twitter_card":"summary_large_image","twitter_misc":{"Gesch\u00e4tzte Lesezeit":"1 Minute"},"schema":{"@context":"https:\/\/schema.org","@graph":[{"@type":"WebPage","@id":"https:\/\/www.donnafugata.it\/de\/shipping-policies\/","url":"https:\/\/www.donnafugata.it\/de\/shipping-policies\/","name":"Shipping Policies - Donnafugata","isPartOf":{"@id":"https:\/\/www.donnafugata.it\/en\/#website"},"datePublished":"2022-09-06T09:02:06+00:00","dateModified":"2022-11-07T17:30:53+00:00","description":"Gli ordini vengono consegnati dal luned\u00ec al venerd\u00ec dalle 8:00 - 20:00. I costi di spedizione variano a seconda della dimensione, del peso e della","breadcrumb":{"@id":"https:\/\/www.donnafugata.it\/de\/shipping-policies\/#breadcrumb"},"inLanguage":"de-DE","potentialAction":[{"@type":"ReadAction","target":["https:\/\/www.donnafugata.it\/de\/shipping-policies\/"]}]},{"@type":"BreadcrumbList","@id":"https:\/\/www.donnafugata.it\/de\/shipping-policies\/#breadcrumb","itemListElement":[{"@type":"ListItem","position":1,"name":"Home","item":"https:\/\/www.donnafugata.it\/de\/"},{"@type":"ListItem","position":2,"name":"Shipping Policies"}]},{"@type":"WebSite","@id":"https:\/\/www.donnafugata.it\/en\/#website","url":"https:\/\/www.donnafugata.it\/en\/","name":"Donnafugata","description":"Donnafugata INT","potentialAction":[{"@type":"SearchAction","target":{"@type":"EntryPoint","urlTemplate":"https:\/\/www.donnafugata.it\/en\/?s={search_term_string}"},"query-input":"required name=search_term_string"}],"inLanguage":"de-DE"}]}},"_links":{"self":[{"href":"https:\/\/www.donnafugata.it\/de\/wp-json\/wp\/v2\/pages\/45440"}],"collection":[{"href":"https:\/\/www.donnafugata.it\/de\/wp-json\/wp\/v2\/pages"}],"about":[{"href":"https:\/\/www.donnafugata.it\/de\/wp-json\/wp\/v2\/types\/page"}],"author":[{"embeddable":true,"href":"https:\/\/www.donnafugata.it\/de\/wp-json\/wp\/v2\/users\/1"}],"replies":[{"embeddable":true,"href":"https:\/\/www.donnafugata.it\/de\/wp-json\/wp\/v2\/comments?post=45440"}],"version-history":[{"count":1,"href":"https:\/\/www.donnafugata.it\/de\/wp-json\/wp\/v2\/pages\/45440\/revisions"}],"predecessor-version":[{"id":86253,"href":"https:\/\/www.donnafugata.it\/de\/wp-json\/wp\/v2\/pages\/45440\/revisions\/86253"}],"wp:attachment":[{"href":"https:\/\/www.donnafugata.it\/de\/wp-json\/wp\/v2\/media?parent=45440"}],"curies":[{"name":"wp","href":"https:\/\/api.w.org\/{rel}","templated":true}]}}