{"id":48590,"date":"2022-10-24T13:02:28","date_gmt":"2022-10-24T13:02:28","guid":{"rendered":"https:\/\/www.donnafugata.it\/?page_id=48590"},"modified":"2022-10-26T07:16:04","modified_gmt":"2022-10-26T07:16:04","slug":"zahlungen","status":"publish","type":"page","link":"https:\/\/www.donnafugata.it\/de\/zahlungen\/","title":{"rendered":"Zahlungen"},"content":{"rendered":"<p>Sie k\u00f6nnen zwischen\u00a0<strong>mehreren Zahlungsm\u00f6glichkeiten w\u00e4hlen<\/strong>, welche alle die h\u00f6chsten Sicherheitsstandards garantieren:<\/p>\n<ul>\n<li>Mit Kredit Karte<\/li>\n<li>Mit PayPal<\/li>\n<\/ul>\n<p>Vergessen Sie nicht, unsere\u00a0<a href=\"https:\/\/www.donnafugata.it\/de\/die-allgemeinen-geschaftsbedingungen-verkaufs\/\">AGBs<\/a>\u00a0zu lesen.<\/p>\n<h3>Mit Ihrer Kreditkarte<\/h3>\n<p>Wenn Sie die Zahlung f\u00fcr Ihre Bestellung mit Kreditkarte vornehmen, werden Sie\u00a0<strong>direkt auf eine sichere Seite (SSL)<\/strong>\u00a0der verantwortlichen Bank f\u00fcr den Abschluss der Transaktion (Payment Gateway Website) weitergeleitet werden. Auf dieser Seite k\u00f6nnen Sie alle Daten Ihrer Kreditkarte ohne Sorge angeben.<\/p>\n<p>Wenn die Zahlung erfolgreich ist, werden Sie umgehend eine Best\u00e4tigung erhalten, das einzige, was die Bank schickt ist eine Belegnummer. Der Online-Handel ist v\u00f6llig sicher aufgrund der Tatsache, dass niemand au\u00dferhalb der Bank etwas \u00fcber die Transaktion wissen wird oder \u00fcber die Nummer ihrer Kreditkarte.<\/p>\n<p>Die folgenden Kreditkarten werden akzeptiert:<\/p>\n<ul>\n<li>Visa<\/li>\n<li>Mastercard<\/li>\n<li>Maestro<\/li>\n<li>American Express nur f\u00fcr Euro-Transaktionen<\/li>\n<\/ul>\n<p>Wir akzeptieren auch alle wiederaufladbaren Kreditkarten, sofern sie einem internationalen Netzwerk (zB Visa oder Mastercard) zugeordnet sind.<\/p>\n<p>Der Gesamtbetrag Ihrer Bestellung wird nur auf Ihrer Kreditkarte &#8220;freigehalten&#8221; (&#8220;Autorisierung&#8221;). Wir werden die Kreditkarte nur nach der Absendung der gekauften Produkte belasten.<br \/>\nDer Gesamtbetrag, den der Kunde im Zusammenhang mit der Bestellung zu bezahlen hat, wird erst am Tag nach dem Versand effektiv abgebucht, auch wenn nur ein Teil der gekauften Produkte versandt wird.<br \/>\nIn einigen F\u00e4llen (z.B. f\u00fcr Produkte mit einem &#8220;auf Anfrage&#8221; Status oder &#8220;eingehend&#8221; oder andere Arten der Verf\u00fcgbarkeit als &#8220;vorr\u00e4tig&#8221;), beh\u00e4lt Ecommerce Outsourcing sich das Recht vor, den Betrag vor dem Versand, vor Fristablauf der Erm\u00e4chtigung des gehaltenen Betrags abzubuchen.<\/p>\n<p>In bestimmten F\u00e4llen kann unser Kundenservice Sie kontaktieren, um weitere Informationen \u00fcber den rechtlichen Eigent\u00fcmer der Kreditkarte zu ermitteln. In diesem Fall beginnen die Lieferzeiten wenn diese \u00dcberpr\u00fcfungen abgeschlossen sind.<\/p>\n<p>Auf Ihrer Kreditkartenabrechnung wird\u00a0<strong>&#8220;Ecommerce Outsourcing S.r.l.&#8221;<\/strong>\u00a0angezeigt werden.<\/p>\n<p>Jedes Mal, wenn ein Vertrag gek\u00fcndigt und der Auftrag anschlie\u00dfend gel\u00f6scht wird, bevor die Menge effektiv auf Ihrer Kreditkarte belastet wurde, werden wir die Bank zur Freigabe des &#8220;gehaltenen&#8221; Betrages beauftragen. Die Zeit der Freigabe ist ausschlie\u00dflich von der Ihren Kreditkarte Ausgeber abh\u00e4ngig und f\u00fcr bestimmte Karten, kann sie den nat\u00fcrliche Fristablauf erreichen (In der Regel 24 Tage ab der Autorisation).<\/p>\n<h3>Mit Ihrem PayPal-Konto<\/h3>\n<p>Wenn Sie bereits ein PayPal-Kontoinhaber sind und Sie diese Methode w\u00e4hlen, werden Sie auf die PayPal-Checkout-Seite (sichere Transaktion und SSL-gesch\u00fctzt) nach dem Absenden der Bestellung, weitergeleitet. Alles was Sie dort tun m\u00fcssen ist Ihre Login-Daten eingeben die Sie bei der Paypal Registrierung angegeben haben.<\/p>\n<p>Wenn die Zahlung erfolgreich ist, wird\u00a0<strong>Paypal sofort<\/strong>\u00a0den Betrag f\u00fcr den Kauf auf Ihr Konto belasten, w\u00e4hrend wir zur gleichen Zeit eine Best\u00e4tigung Ihrer Bestellung bekommen<\/p>\n<p>Wir bekommen keine Informationen im Zusammenhang mit Ihrer Kreditkarte oder andere Informationen Ihres PayPal-Konto w\u00e4hrend des gesamten Kaufvorgangs.<\/p>\n<p>In bestimmten F\u00e4llen kann unser Kundenservice Sie kontaktieren, um weitere Informationen \u00fcber den rechtlichen Eigent\u00fcmer des Paypal Konto zu ermitteln. In diesem Fall beginnen die Lieferzeiten wenn diese \u00dcberpr\u00fcfungen abgeschlossen sind.<\/p>\n<p>Jedes Mal, wenn ein Vertrag gek\u00fcndigt und der Auftrag anschlie\u00dfend gel\u00f6scht wird, wird der Betrag der Bestellung automatisch auf Ihrem PayPal-Konto gutgeschrieben.<\/p>\n<p>Wenn Sie diese Zahlungsmethode verwenden m\u00f6chten, aber noch nicht \u00fcber ein PayPal-Konto verf\u00fcgen klicken Sie hier\u00a0<a href=\"http:\/\/www.paypal.com\/\"><strong>www.paypal.com<\/strong><\/a>.<\/p>\n","protected":false},"excerpt":{"rendered":"<p>Sie k\u00f6nnen zwischen\u00a0mehreren Zahlungsm\u00f6glichkeiten w\u00e4hlen, welche alle die h\u00f6chsten Sicherheitsstandards garantieren: Mit Kredit Karte Mit PayPal Vergessen Sie nicht, unsere\u00a0AGBs\u00a0zu lesen. Mit Ihrer Kreditkarte Wenn Sie die Zahlung f\u00fcr Ihre Bestellung mit Kreditkarte vornehmen, werden Sie\u00a0direkt auf eine sichere Seite (SSL)\u00a0der verantwortlichen Bank f\u00fcr den Abschluss der Transaktion (Payment Gateway Website) weitergeleitet werden. Auf dieser [&hellip;]<\/p>\n","protected":false},"author":3,"featured_media":0,"parent":0,"menu_order":0,"comment_status":"closed","ping_status":"closed","template":"templates\/tpl-support.php","meta":[],"acf":[],"yoast_head":"<!-- This site is optimized with the Yoast SEO plugin v19.10 - https:\/\/yoast.com\/wordpress\/plugins\/seo\/ -->\n<title>Zahlungen - Donnafugata<\/title>\n<meta name=\"description\" content=\"Sie k\u00f6nnen zwischen\u00a0mehreren Zahlungsm\u00f6glichkeiten w\u00e4hlen, welche alle die h\u00f6chsten Sicherheitsstandards garantieren: Mit Kredit Karte Mit PayPal\" \/>\n<meta name=\"robots\" content=\"index, follow, max-snippet:-1, max-image-preview:large, max-video-preview:-1\" \/>\n<meta property=\"og:locale\" content=\"de_DE\" \/>\n<meta property=\"og:type\" content=\"article\" \/>\n<meta property=\"og:title\" content=\"Zahlungen - Donnafugata\" \/>\n<meta property=\"og:description\" content=\"Sie k\u00f6nnen zwischen\u00a0mehreren Zahlungsm\u00f6glichkeiten w\u00e4hlen, welche alle die h\u00f6chsten Sicherheitsstandards garantieren: Mit Kredit Karte Mit PayPal\" \/>\n<meta property=\"og:url\" content=\"https:\/\/www.donnafugata.it\/de\/zahlungen\/\" \/>\n<meta property=\"og:site_name\" content=\"Donnafugata\" \/>\n<meta property=\"article:modified_time\" content=\"2022-10-26T07:16:04+00:00\" \/>\n<meta name=\"twitter:card\" content=\"summary_large_image\" \/>\n<meta name=\"twitter:label1\" content=\"Gesch\u00e4tzte Lesezeit\" \/>\n\t<meta name=\"twitter:data1\" content=\"3 Minuten\" \/>\n<script type=\"application\/ld+json\" class=\"yoast-schema-graph\">{\"@context\":\"https:\/\/schema.org\",\"@graph\":[{\"@type\":\"WebPage\",\"@id\":\"https:\/\/www.donnafugata.it\/de\/zahlungen\/\",\"url\":\"https:\/\/www.donnafugata.it\/de\/zahlungen\/\",\"name\":\"Zahlungen - Donnafugata\",\"isPartOf\":{\"@id\":\"https:\/\/www.donnafugata.it\/en\/#website\"},\"datePublished\":\"2022-10-24T13:02:28+00:00\",\"dateModified\":\"2022-10-26T07:16:04+00:00\",\"description\":\"Sie k\u00f6nnen zwischen\u00a0mehreren Zahlungsm\u00f6glichkeiten w\u00e4hlen, welche alle die h\u00f6chsten Sicherheitsstandards garantieren: Mit Kredit Karte Mit PayPal\",\"breadcrumb\":{\"@id\":\"https:\/\/www.donnafugata.it\/de\/zahlungen\/#breadcrumb\"},\"inLanguage\":\"de-DE\",\"potentialAction\":[{\"@type\":\"ReadAction\",\"target\":[\"https:\/\/www.donnafugata.it\/de\/zahlungen\/\"]}]},{\"@type\":\"BreadcrumbList\",\"@id\":\"https:\/\/www.donnafugata.it\/de\/zahlungen\/#breadcrumb\",\"itemListElement\":[{\"@type\":\"ListItem\",\"position\":1,\"name\":\"Home\",\"item\":\"https:\/\/www.donnafugata.it\/de\/\"},{\"@type\":\"ListItem\",\"position\":2,\"name\":\"Zahlungen\"}]},{\"@type\":\"WebSite\",\"@id\":\"https:\/\/www.donnafugata.it\/en\/#website\",\"url\":\"https:\/\/www.donnafugata.it\/en\/\",\"name\":\"Donnafugata\",\"description\":\"Donnafugata INT\",\"potentialAction\":[{\"@type\":\"SearchAction\",\"target\":{\"@type\":\"EntryPoint\",\"urlTemplate\":\"https:\/\/www.donnafugata.it\/en\/?s={search_term_string}\"},\"query-input\":\"required name=search_term_string\"}],\"inLanguage\":\"de-DE\"}]}<\/script>\n<!-- \/ Yoast SEO plugin. -->","yoast_head_json":{"title":"Zahlungen - Donnafugata","description":"Sie k\u00f6nnen zwischen\u00a0mehreren Zahlungsm\u00f6glichkeiten w\u00e4hlen, welche alle die h\u00f6chsten Sicherheitsstandards garantieren: Mit Kredit Karte Mit PayPal","robots":{"index":"index","follow":"follow","max-snippet":"max-snippet:-1","max-image-preview":"max-image-preview:large","max-video-preview":"max-video-preview:-1"},"og_locale":"de_DE","og_type":"article","og_title":"Zahlungen - Donnafugata","og_description":"Sie k\u00f6nnen zwischen\u00a0mehreren Zahlungsm\u00f6glichkeiten w\u00e4hlen, welche alle die h\u00f6chsten Sicherheitsstandards garantieren: Mit Kredit Karte Mit PayPal","og_url":"https:\/\/www.donnafugata.it\/de\/zahlungen\/","og_site_name":"Donnafugata","article_modified_time":"2022-10-26T07:16:04+00:00","twitter_card":"summary_large_image","twitter_misc":{"Gesch\u00e4tzte Lesezeit":"3 Minuten"},"schema":{"@context":"https:\/\/schema.org","@graph":[{"@type":"WebPage","@id":"https:\/\/www.donnafugata.it\/de\/zahlungen\/","url":"https:\/\/www.donnafugata.it\/de\/zahlungen\/","name":"Zahlungen - Donnafugata","isPartOf":{"@id":"https:\/\/www.donnafugata.it\/en\/#website"},"datePublished":"2022-10-24T13:02:28+00:00","dateModified":"2022-10-26T07:16:04+00:00","description":"Sie k\u00f6nnen zwischen\u00a0mehreren Zahlungsm\u00f6glichkeiten w\u00e4hlen, welche alle die h\u00f6chsten Sicherheitsstandards garantieren: Mit Kredit Karte Mit PayPal","breadcrumb":{"@id":"https:\/\/www.donnafugata.it\/de\/zahlungen\/#breadcrumb"},"inLanguage":"de-DE","potentialAction":[{"@type":"ReadAction","target":["https:\/\/www.donnafugata.it\/de\/zahlungen\/"]}]},{"@type":"BreadcrumbList","@id":"https:\/\/www.donnafugata.it\/de\/zahlungen\/#breadcrumb","itemListElement":[{"@type":"ListItem","position":1,"name":"Home","item":"https:\/\/www.donnafugata.it\/de\/"},{"@type":"ListItem","position":2,"name":"Zahlungen"}]},{"@type":"WebSite","@id":"https:\/\/www.donnafugata.it\/en\/#website","url":"https:\/\/www.donnafugata.it\/en\/","name":"Donnafugata","description":"Donnafugata INT","potentialAction":[{"@type":"SearchAction","target":{"@type":"EntryPoint","urlTemplate":"https:\/\/www.donnafugata.it\/en\/?s={search_term_string}"},"query-input":"required name=search_term_string"}],"inLanguage":"de-DE"}]}},"_links":{"self":[{"href":"https:\/\/www.donnafugata.it\/de\/wp-json\/wp\/v2\/pages\/48590"}],"collection":[{"href":"https:\/\/www.donnafugata.it\/de\/wp-json\/wp\/v2\/pages"}],"about":[{"href":"https:\/\/www.donnafugata.it\/de\/wp-json\/wp\/v2\/types\/page"}],"author":[{"embeddable":true,"href":"https:\/\/www.donnafugata.it\/de\/wp-json\/wp\/v2\/users\/3"}],"replies":[{"embeddable":true,"href":"https:\/\/www.donnafugata.it\/de\/wp-json\/wp\/v2\/comments?post=48590"}],"version-history":[{"count":1,"href":"https:\/\/www.donnafugata.it\/de\/wp-json\/wp\/v2\/pages\/48590\/revisions"}],"predecessor-version":[{"id":49218,"href":"https:\/\/www.donnafugata.it\/de\/wp-json\/wp\/v2\/pages\/48590\/revisions\/49218"}],"wp:attachment":[{"href":"https:\/\/www.donnafugata.it\/de\/wp-json\/wp\/v2\/media?parent=48590"}],"curies":[{"name":"wp","href":"https:\/\/api.w.org\/{rel}","templated":true}]}}