{"id":48595,"date":"2022-10-24T13:14:22","date_gmt":"2022-10-24T13:14:22","guid":{"rendered":"https:\/\/www.donnafugata.it\/?page_id=48595"},"modified":"2022-11-09T13:39:00","modified_gmt":"2022-11-09T13:39:00","slug":"rueckgabe-und-rueckerstattung","status":"publish","type":"page","link":"https:\/\/www.donnafugata.it\/de\/rueckgabe-und-rueckerstattung\/","title":{"rendered":"R\u00fcckgabe und R\u00fcckerstattung"},"content":{"rendered":"<p>Wir vertrauen darauf, dass jede Bestellung, die Sie von Fratelli Rossetti erhalten, Ihren Vorstellungen entspricht. Sollten Sie jedoch aus irgendeinem Grund mit den gekauften Artikeln nicht zufrieden sein, k\u00f6nnen Sie diese innerhalb von 14 Tagen nach Lieferung kostenlos an uns zur\u00fccksenden oder die Gr\u00f6\u00dfe umtauschen.<br \/>\nJedes Produkt kann nur einmal umgetauscht werden. Nach dem Umtausch k\u00f6nnen Sie das Produkt innerhalb von 14 Tagen nach Erhalt zur Erstattung zur\u00fcckgeben.<br \/>\nBitte beachten Sie, dass wir nur die Gr\u00f6\u00dfe eines bereits gekauften Produkts umtauschen k\u00f6nnen.<br \/>\nWenn Sie ein anderes Produkt kaufen m\u00f6chten, senden Sie bitte das gekaufte Produkt an uns zur\u00fcck und geben Sie eine neue Bestellung auf.<\/p>\n<h2>R\u00fccktrittsrecht<\/h2>\n<p>Nach der R\u00fccksendung Ihrer R\u00fccksendung werden wir Ihnen das Ersatzprodukt ohne zus\u00e4tzliche Kosten zusenden.<br \/>\nSollte dies nicht der Fall sein, werden wir Sie benachrichtigen, bevor wir das R\u00fcckgabeverfahren best\u00e4tigen.<\/p>\n<p>Das\u00a0<strong>Recht auf R\u00fccktritt <\/strong>unterliegt jedoch den folgenden Bedingungen:<\/p>\n<ul>\n<li style=\"list-style-type: none;\">\n<ul>\n<li>gilt f\u00fcr das gekaufte Produkt in seiner Gesamtheit. Sie kann nicht in Bezug auf Teile und\/oder Zubeh\u00f6r des Produkts ausge\u00fcbt werden;<\/li>\n<li>die wesentliche Unversehrtheit der Waren ist eine wesentliche Voraussetzung f\u00fcr die Aus\u00fcbung des Widerrufsrechts.<br \/>\nDas Produkt muss mit normaler Sorgfalt gepflegt werden und muss intakt, vollst\u00e4ndig in allen seinen Teilen, frei von Anzeichen von Abnutzung oder Schmutz zur\u00fcckgegeben werden und darf nicht benutzt, abgenutzt, gewaschen oder besch\u00e4digt worden sein.<br \/>\nAlle Artikel, die besch\u00e4digt, verschmutzt oder anderweitig ver\u00e4ndert oder in einem nicht perfekten Zustand an uns zur\u00fcckgeschickt werden, k\u00f6nnen nicht angenommen werden und werden an den Kunden zur\u00fcckgeschickt. Wenn Sie die Schuhe anprobieren oder warten, bis Sie sich entscheiden, ob Sie sie behalten m\u00f6chten, achten Sie bitte darauf, dass die Sohlen gesch\u00fctzt sind und auf einer sauberen Oberfl\u00e4che stehen;<\/li>\n<li>Das Widerrufsrecht besteht nicht bei der Lieferung von Waren, die nach Kundenspezifikation angefertigt werden oder eindeutig auf die pers\u00f6nlichen Bed\u00fcrfnisse zugeschnitten sind (z. B. Ma\u00dfanfertigungen von Kleidungsst\u00fccken auf ausdr\u00fccklichen Wunsch des Kunden) oder die auf Grund ihrer Beschaffenheit nicht f\u00fcr eine R\u00fccksendung geeignet sind oder schnell verderben k\u00f6nnen oder sich ver\u00e4ndern k\u00f6nnen;<\/li>\n<li>das Produkt muss in seiner Originalverpackung und in allen seinen Teilen zur\u00fcckgegeben werden (einschlie\u00dflich des Kennzeichnungsetiketts, das noch mit dem Einwegsiegel an den Produkten befestigt sein muss, da es ein integraler Bestandteil des Produkts ist);<\/li>\n<li>um die Besch\u00e4digung der Originalverpackung zu begrenzen, empfehlen wir Ihnen, diese in einen zweiten Karton zu legen, auf dem Sie das von uns bereitgestellte Etikett mit der RMA-Nummer (Return Merchandise Authorization Number) anbringen; das Anbringen von Etiketten oder Klebeb\u00e4ndern direkt auf der Originalverpackung des Produkts sollte in jedem Fall vermieden werden.<\/li>\n<\/ul>\n<\/li>\n<\/ul>\n<h2>Farben<\/h2>\n<p>Es wurden alle Anstrengungen unternommen, um sicherzustellen, dass die Farben der einzelnen Produkte auf der Website so genau wie m\u00f6glich dargestellt werden.<br \/>\nAufgrund der Vielfalt der Computermodelle und Bildschirme k\u00f6nnen wir jedoch nicht garantieren, dass die Farbwiedergabe Ihres Monitors vollst\u00e4ndig originalgetreu ist.<\/p>\n<h2>Erstattungen<\/h2>\n<p>Wir erstatten Ihnen\u00a0<strong>innerhalb von 14 Tagen nach R\u00fccksendung der Ware<\/strong>, in der gleichen W\u00e4hrung abz\u00fcglich der Versandkosten, falls vorhanden.<br \/>\nAlle Artikel, deren R\u00fccksendung erfolgreich war, werden dem Zahlungsmittel, das zum Zeitpunkt der Bestellung verwendet wurde, wieder gutgeschrieben.<br \/>\nWie lange es dauert, bis der gutgeschriebene Betrag auf Ihrem Konto sichtbar ist, h\u00e4ngt vom ausgebenden Kreditinstitut ab.<br \/>\nBei Zahlungen \u00fcber PayPal werden die Erstattungen dem PayPal-Konto gutgeschrieben und sind sofort sichtbar.<br \/>\nDie R\u00fcckerstattungszeit f\u00fcr die mit Ihrem PayPal-Konto verkn\u00fcpfte Kreditkarte h\u00e4ngt hingegen von dem Institut ab, das die Karte ausgegeben hat.<br \/>\nBei Zahlungen per Nachnahme oder Bank\u00fcberweisung sind Sie verpflichtet, uns unverz\u00fcglich schriftlich (im Feld &#8220;Anmerkungen&#8221; des R\u00fccksendeantrags) die Bankverbindung mitzuteilen, \u00fcber die die Erstattung erfolgen soll (IBAN-Code und Name des Kontoinhabers).<\/p>\n<p><strong>Bitte beachten Sie, dass keine Artikel ohne vorherige Benachrichtigung an uns zur\u00fcckgeschickt werden d\u00fcrfen und dass alle R\u00fcckgabeantr\u00e4ge \u00fcber den R\u00fcckgabebereich von\u00a0<\/strong><strong>https:\/\/www.<\/strong> <strong>donnafugata.it<\/strong><strong>.<br \/>\nOhne vorherige Benachrichtigung zur\u00fcckgegebene Artikel k\u00f6nnen nicht zur\u00fcckerstattet werden.<\/strong><\/p>\n<h2>R\u00fccksendungen nach Ablauf der Frist<\/h2>\n<p>R\u00fcckgabeantr\u00e4ge m\u00fcssen uns\u00a0<strong>innerhalb von 14 Tagen nach Erhalt der Artikel eingereicht werden<\/strong>.<br \/>\nSp\u00e4ter eingehende Antr\u00e4ge k\u00f6nnen nicht mehr ber\u00fccksichtigt werden. M\u00f6gliche Ausnahmen liegen im Ermessen von Donnafugata. Danach m\u00fcssen die Artikel an die auf dem R\u00fccksendeetikett angegebene Adresse zur\u00fcckgeschickt werden. Um den bestm\u00f6glichen Service zu gew\u00e4hrleisten und den R\u00fcckerstattungsprozess zu beschleunigen, bitten wir Sie, die Ware dem Kurier zu \u00fcbergeben, sobald Sie die erforderlichen Unterlagen erhalten haben.<\/p>\n<p>&nbsp;<\/p>\n<p>&nbsp;<\/p>\n","protected":false},"excerpt":{"rendered":"<p>Wir vertrauen darauf, dass jede Bestellung, die Sie von Fratelli Rossetti erhalten, Ihren Vorstellungen entspricht. Sollten Sie jedoch aus irgendeinem Grund mit den gekauften Artikeln nicht zufrieden sein, k\u00f6nnen Sie diese innerhalb von 14 Tagen nach Lieferung kostenlos an uns zur\u00fccksenden oder die Gr\u00f6\u00dfe umtauschen. Jedes Produkt kann nur einmal umgetauscht werden. Nach dem Umtausch [&hellip;]<\/p>\n","protected":false},"author":3,"featured_media":0,"parent":0,"menu_order":0,"comment_status":"closed","ping_status":"closed","template":"","meta":[],"acf":[],"yoast_head":"<!-- This site is optimized with the Yoast SEO plugin v19.10 - https:\/\/yoast.com\/wordpress\/plugins\/seo\/ -->\n<title>R\u00fcckgabe und R\u00fcckerstattung - Donnafugata<\/title>\n<meta name=\"description\" content=\"Wir vertrauen darauf, dass jede Bestellung, die Sie von Fratelli Rossetti erhalten, Ihren Vorstellungen entspricht. Sollten Sie jedoch aus irgendeinem\" \/>\n<meta name=\"robots\" content=\"index, follow, max-snippet:-1, max-image-preview:large, max-video-preview:-1\" \/>\n<meta property=\"og:locale\" content=\"de_DE\" \/>\n<meta property=\"og:type\" content=\"article\" \/>\n<meta property=\"og:title\" content=\"R\u00fcckgabe und R\u00fcckerstattung - Donnafugata\" \/>\n<meta property=\"og:description\" content=\"Wir vertrauen darauf, dass jede Bestellung, die Sie von Fratelli Rossetti erhalten, Ihren Vorstellungen entspricht. Sollten Sie jedoch aus irgendeinem\" \/>\n<meta property=\"og:url\" content=\"https:\/\/www.donnafugata.it\/de\/rueckgabe-und-rueckerstattung\/\" \/>\n<meta property=\"og:site_name\" content=\"Donnafugata\" \/>\n<meta property=\"article:modified_time\" content=\"2022-11-09T13:39:00+00:00\" \/>\n<meta name=\"twitter:card\" content=\"summary_large_image\" \/>\n<meta name=\"twitter:label1\" content=\"Gesch\u00e4tzte Lesezeit\" \/>\n\t<meta name=\"twitter:data1\" content=\"4 Minuten\" \/>\n<script type=\"application\/ld+json\" class=\"yoast-schema-graph\">{\"@context\":\"https:\/\/schema.org\",\"@graph\":[{\"@type\":\"WebPage\",\"@id\":\"https:\/\/www.donnafugata.it\/de\/rueckgabe-und-rueckerstattung\/\",\"url\":\"https:\/\/www.donnafugata.it\/de\/rueckgabe-und-rueckerstattung\/\",\"name\":\"R\u00fcckgabe und R\u00fcckerstattung - Donnafugata\",\"isPartOf\":{\"@id\":\"https:\/\/www.donnafugata.it\/en\/#website\"},\"datePublished\":\"2022-10-24T13:14:22+00:00\",\"dateModified\":\"2022-11-09T13:39:00+00:00\",\"description\":\"Wir vertrauen darauf, dass jede Bestellung, die Sie von Fratelli Rossetti erhalten, Ihren Vorstellungen entspricht. Sollten Sie jedoch aus irgendeinem\",\"breadcrumb\":{\"@id\":\"https:\/\/www.donnafugata.it\/de\/rueckgabe-und-rueckerstattung\/#breadcrumb\"},\"inLanguage\":\"de-DE\",\"potentialAction\":[{\"@type\":\"ReadAction\",\"target\":[\"https:\/\/www.donnafugata.it\/de\/rueckgabe-und-rueckerstattung\/\"]}]},{\"@type\":\"BreadcrumbList\",\"@id\":\"https:\/\/www.donnafugata.it\/de\/rueckgabe-und-rueckerstattung\/#breadcrumb\",\"itemListElement\":[{\"@type\":\"ListItem\",\"position\":1,\"name\":\"Home\",\"item\":\"https:\/\/www.donnafugata.it\/de\/\"},{\"@type\":\"ListItem\",\"position\":2,\"name\":\"R\u00fcckgabe und R\u00fcckerstattung\"}]},{\"@type\":\"WebSite\",\"@id\":\"https:\/\/www.donnafugata.it\/en\/#website\",\"url\":\"https:\/\/www.donnafugata.it\/en\/\",\"name\":\"Donnafugata\",\"description\":\"Donnafugata INT\",\"potentialAction\":[{\"@type\":\"SearchAction\",\"target\":{\"@type\":\"EntryPoint\",\"urlTemplate\":\"https:\/\/www.donnafugata.it\/en\/?s={search_term_string}\"},\"query-input\":\"required name=search_term_string\"}],\"inLanguage\":\"de-DE\"}]}<\/script>\n<!-- \/ Yoast SEO plugin. -->","yoast_head_json":{"title":"R\u00fcckgabe und R\u00fcckerstattung - Donnafugata","description":"Wir vertrauen darauf, dass jede Bestellung, die Sie von Fratelli Rossetti erhalten, Ihren Vorstellungen entspricht. Sollten Sie jedoch aus irgendeinem","robots":{"index":"index","follow":"follow","max-snippet":"max-snippet:-1","max-image-preview":"max-image-preview:large","max-video-preview":"max-video-preview:-1"},"og_locale":"de_DE","og_type":"article","og_title":"R\u00fcckgabe und R\u00fcckerstattung - Donnafugata","og_description":"Wir vertrauen darauf, dass jede Bestellung, die Sie von Fratelli Rossetti erhalten, Ihren Vorstellungen entspricht. Sollten Sie jedoch aus irgendeinem","og_url":"https:\/\/www.donnafugata.it\/de\/rueckgabe-und-rueckerstattung\/","og_site_name":"Donnafugata","article_modified_time":"2022-11-09T13:39:00+00:00","twitter_card":"summary_large_image","twitter_misc":{"Gesch\u00e4tzte Lesezeit":"4 Minuten"},"schema":{"@context":"https:\/\/schema.org","@graph":[{"@type":"WebPage","@id":"https:\/\/www.donnafugata.it\/de\/rueckgabe-und-rueckerstattung\/","url":"https:\/\/www.donnafugata.it\/de\/rueckgabe-und-rueckerstattung\/","name":"R\u00fcckgabe und R\u00fcckerstattung - Donnafugata","isPartOf":{"@id":"https:\/\/www.donnafugata.it\/en\/#website"},"datePublished":"2022-10-24T13:14:22+00:00","dateModified":"2022-11-09T13:39:00+00:00","description":"Wir vertrauen darauf, dass jede Bestellung, die Sie von Fratelli Rossetti erhalten, Ihren Vorstellungen entspricht. Sollten Sie jedoch aus irgendeinem","breadcrumb":{"@id":"https:\/\/www.donnafugata.it\/de\/rueckgabe-und-rueckerstattung\/#breadcrumb"},"inLanguage":"de-DE","potentialAction":[{"@type":"ReadAction","target":["https:\/\/www.donnafugata.it\/de\/rueckgabe-und-rueckerstattung\/"]}]},{"@type":"BreadcrumbList","@id":"https:\/\/www.donnafugata.it\/de\/rueckgabe-und-rueckerstattung\/#breadcrumb","itemListElement":[{"@type":"ListItem","position":1,"name":"Home","item":"https:\/\/www.donnafugata.it\/de\/"},{"@type":"ListItem","position":2,"name":"R\u00fcckgabe und R\u00fcckerstattung"}]},{"@type":"WebSite","@id":"https:\/\/www.donnafugata.it\/en\/#website","url":"https:\/\/www.donnafugata.it\/en\/","name":"Donnafugata","description":"Donnafugata INT","potentialAction":[{"@type":"SearchAction","target":{"@type":"EntryPoint","urlTemplate":"https:\/\/www.donnafugata.it\/en\/?s={search_term_string}"},"query-input":"required name=search_term_string"}],"inLanguage":"de-DE"}]}},"_links":{"self":[{"href":"https:\/\/www.donnafugata.it\/de\/wp-json\/wp\/v2\/pages\/48595"}],"collection":[{"href":"https:\/\/www.donnafugata.it\/de\/wp-json\/wp\/v2\/pages"}],"about":[{"href":"https:\/\/www.donnafugata.it\/de\/wp-json\/wp\/v2\/types\/page"}],"author":[{"embeddable":true,"href":"https:\/\/www.donnafugata.it\/de\/wp-json\/wp\/v2\/users\/3"}],"replies":[{"embeddable":true,"href":"https:\/\/www.donnafugata.it\/de\/wp-json\/wp\/v2\/comments?post=48595"}],"version-history":[{"count":1,"href":"https:\/\/www.donnafugata.it\/de\/wp-json\/wp\/v2\/pages\/48595\/revisions"}],"predecessor-version":[{"id":87305,"href":"https:\/\/www.donnafugata.it\/de\/wp-json\/wp\/v2\/pages\/48595\/revisions\/87305"}],"wp:attachment":[{"href":"https:\/\/www.donnafugata.it\/de\/wp-json\/wp\/v2\/media?parent=48595"}],"curies":[{"name":"wp","href":"https:\/\/api.w.org\/{rel}","templated":true}]}}