{"id":579,"date":"2022-08-30T14:58:28","date_gmt":"2022-08-30T14:58:28","guid":{"rendered":"https:\/\/www.donnafugata.it\/privacy-policy\/"},"modified":"2023-07-24T10:49:06","modified_gmt":"2023-07-24T10:49:06","slug":"privacy-policy","status":"publish","type":"page","link":"https:\/\/www.donnafugata.it\/de\/privacy-policy\/","title":{"rendered":"Informationsschreiben zur bearbeitung von personenbezogenen daten"},"content":{"rendered":"<header>\n<h1><strong style=\"font-size: 16px;\">Informationsschreiben zur Verarbeitung von personenbezogenen Daten nach Art. 13 und 14 der EU-Verordnung 2016\/679 (nachfolgend als \u201cVerordnung\u201d bezeichnet).<\/strong><\/h1>\n<\/header>\n<div>\n<p>TENUTA DI DONNAFUGATA S.r.l. Societ\u00e0 Agricola (nachfolgend als \u201cDonnafugata\u201d bezeichnet) \u00fcbermittelt die Informationen zur Verarbeitung der personenbezogenen Daten des Nutzers, der die Donnafugata-Webseite unter https:\/\/old.donnafugata.it, https:\/\/visit.donnafugata.it, https:\/\/wineclub.donnafugata.it, https:\/\/winelovers.donnafugata.it sowie jede andere Adresse unter der Domain \u201cdonnafugata.it\u201d (zusammen nachfolgend als \u201cPortal\u201d bezeichnet) und gegebenenfalls die Formulare in den Abschnitten \u201c<em>Anmeldung im Presse &amp; Trade Room<\/em>\u201d, \u201c<em>Store Locator<\/em>\u201d, \u201c<em>Newsletter Anmeldung<\/em>\u201d und\/oder \u201c<em>Buchen Sie Ihren Besuch<\/em>\u201d, auch unter Nutzung von Google-Form Tools (zusammen nachfolgend als \u201cFormulare\u201d bezeichnet) ausf\u00fcllt.<\/p>\n<ol>\n<li><strong>Arten der erhobenen Daten<\/strong><\/li>\n<\/ol>\n<p><em>Navigationsdaten<\/em><\/p>\n<p>Die f\u00fcr die Funktion dieses Portals eingesetzten Informatiksysteme und Softwareprozeduren erfassen w\u00e4hrend des normalen Betriebs bestimmte personenbezogene Daten, deren \u00dcbertragung f\u00fcr die Anwendung der Internet-Kommunikationsprotokolle erforderlich ist. Zu dieser Datenkategorie geh\u00f6ren die IP-Adressen oder Domain-Namen der Computer, die von den Nutzern f\u00fcr die Verbindung mit dem Portal benutzt werden, die MAC-Adressen (Media Access Control), die URI-Adressen (Uniform Resource Identifier) der angeforderten Ressourcen, die Uhrzeit der Anfrage, die zur \u00dcbermittlung an den Server benutzte Methode, die Gr\u00f6\u00dfe der als Antwort erhaltenen Datei, der numerische Code, der den Status der vom Server gegebenen Antwort anzeigt (erfolgreich, Fehler, usw.), und sonstige Parameter, die sich auf das Betriebssystem und die EDV-Umgebung des Nutzers beziehen. Diese Daten werden ausschlie\u00dflich zum Zweck der Erfassung statistischer, anonymer Informationen \u00fcber die Nutzung des Portals sowie zur \u00dcberpr\u00fcfung des ordnungsgem\u00e4\u00dfen Funktionierens verwendet und werden unverz\u00fcglich nach ihrer Verarbeitung gel\u00f6scht. Die Daten k\u00f6nnen zur Feststellung einer Haftung im Falle eventueller IT-Delikte benutzt werden.<\/p>\n<p><em>Freiwillig von nat\u00fcrlichen und juristischen Personen bereitgestellte Daten<\/em><\/p>\n<p>Nach der freiwilligen \u00dcbermittlung von Daten durch den Nutzer (z. B. durch Zusendung von E-Mails, Eingabe durch Online Formulare und\/oder Registrierung auf dem Portal) kann Donnafugata diese personenbezogenen Daten verarbeiten, um die angeforderten Dienstleistungen zu erbringen und\/oder auf die Anfrage des Nutzers.<\/p>\n<p>Donnafugata verarbeitet in diesem Sinne die folgenden personenbezogenen Daten, wenn sie von Nutzer vorgelegt werden:<\/p>\n<ul>\n<li>Identifikationsdaten des Nutzers;<\/li>\n<li>Kontaktdaten;<\/li>\n<li>Handelsinformationen und Daten in Bezug auf Geschmack und Pr\u00e4ferenzen;<\/li>\n<li>Daten des Nutzers bez\u00fcglich Lebensmittelallergien und\/oder Unvertr\u00e4glichkeiten, sowie zur K\u00f6rpertemperatur zum Zwecke des Zugangs zu den R\u00e4umlichkeiten von Donnafugata, auch in Zusammenhang mit Betriebsbesichtigungen mit Verkostungen von Lebensmittel und alkoholischen Getr\u00e4nken welche von demselben gew\u00fcnscht werden, sowie f\u00fcr die Teilnahme an anderen Veranstaltungen im Weinkeller.<\/li>\n<\/ul>\n<ol>\n<li><strong>Zweck und Rechtsgrundlage f\u00fcr die Verarbeitung<\/strong><\/li>\n<\/ol>\n<p>Die \u00fcbermittelten und die von Donnafugata erhobenen Daten werden zu den folgenden Zwecken verarbeitet:<\/p>\n<ul>\n<li>zur Kontrolle des ordnungsgem\u00e4\u00dfen Funktionierens des Portals und der angebotenen Dienste (Verarbeitung von anonymen Daten);<\/li>\n<li>statistische Informationen \u00fcber die Nutzung der Dienste und des Portals zu erhalten: z.B. die am meisten besuchten Webseiten, die Anzahl der Besucher pro Zeiteinheit oder die t\u00e4glichen geographischen Herkunftsgebiete, etc. (Verarbeitung von anonymen Daten);<\/li>\n<\/ul>\n<ul>\n<li>zu Marketingzwecken und zu kommerziellen Zwecken nach ausdr\u00fccklicher Zustimmung oder wenn die betroffene Person bereits Produkte und\/oder Dienstleistungen auf der Portal erworben hat. In diese F\u00e4lle hat durch die Zustimmung zur Datenverarbeitung Donnafugata die M\u00f6glichkeit, verkaufsf\u00f6rdernde Angebote und Marketingmittelungen, auch personalisierter Art, sowohl durch automatisierte Instrumente, wie zum Beispiel E-Mail als auch durch traditionelle Instrumente wie Post oder Telefonanrufe f\u00fcr Produkte und Dienstleistungen von Donnafugata vorzunehmen. Selbstverst\u00e4ndlich kann die Anmeldung zum Portal und somit die Anmeldung f\u00fcr den Newsletter (Hauptdienst des Portals selbst) jederzeit und ohne Kosten f\u00fcr den Nutzer unter Befolgung der Anleitungen, die am Ende jeder erhaltenen Mitteilung eingef\u00fcgt sind, r\u00fcckg\u00e4ngig gemacht werden;<\/li>\n<li>wenn die ausdr\u00fcckliche Zustimmung erteilt wurde, um die Identifikations- und Kontaktdaten des Kunden durch kommerzielle Informationen, Markt- und sozio\u00f6konomische Recherche, Ver\u00f6ffentlichung auf dem Portal und anderen Medienkan\u00e4len von Donnafugata an Dritte weiterzuleiten und\/oder zu verbreiten;<\/li>\n<li>e) in Bezug auf die Rubrik &#8220;Store Locator&#8221;, sowie zur Durchf\u00fchrung von Profiling-Aktivit\u00e4ten, auch zum Zweck des Auffindens von Gesch\u00e4ften, die Produkte und\/oder Dienstleistungen von Donnafugata weiterverkaufen, unter Verwendung von bereits in \u00f6ffentlichen Registern und Verzeichnissen ver\u00f6ffentlichten Kontaktdaten und Informationen. Nicht \u00f6ffentliche Daten werden nur mit ausdr\u00fccklicher Zustimmung der betroffenen Person verarbeitet.<\/li>\n<li>in Bezug auf den Abschnitt &#8220;<em>Buchen Sie Ihren Besuch<\/em>&#8220;, um den Zugang am Sitz von Donnafugata zu erm\u00f6glichen und die Sicherheit und Gesundheit der Besucher zu sch\u00fctzen, welche an F\u00fchrungen mit Verkostungen teilnehmen, die die Verabreichung von alkoholischen Getr\u00e4nken und Lebensmitteln einschlie\u00dfen k\u00f6nnen, sowie zum Zwecke der Verhinderung der Ausbreitung der Coronavirus-Infektion und zur Verhinderung jeglicher Auswirkungen auf die \u00f6ffentliche Gesundheit und Sicherheit;<\/li>\n<\/ul>\n<p>Wenn die Daten in der Anmeldephase in den Abschnitten \u201c<em>Anmeldung im Presse &amp; Trade Room<\/em>\u201d, \u201c<em>Store Locator<\/em>\u201d, \u201c<em>Newsletter Anmeldung<\/em>\u201d und\/oder \u201c<em>Buchen Sie Ihren Besuch<\/em>\u201d, nicht erteilt werden, ist es nicht m\u00f6glich, diese Anmeldung abzuschlie\u00dfen und Donnafugata wird die auf dem Portal angebotenen Dienste nicht leisten k\u00f6nnen.<\/p>\n<p>Die Rechtsgrundlage f\u00fcr die Verarbeitung der bereitgestellten Daten zu den oben genannten Zwecken besteht aus der Notwendigkeit, den\u00a0<strong>Dienstleistungsvertrag\u00a0<\/strong>auf Anfrage des Nutzers und\/oder durch die\u00a0<strong>Zustimmung,\u00a0<\/strong>die vom Nutzer in der Anmeldephase im Portal geliefert wird, zu erf\u00fcllen, sowie den Schutz eines relevanten \u00f6ffentlichen Interesses (Erhaltung der \u00f6ffentlichen Gesundheit).<\/p>\n<ol start=\"3\">\n<li><strong>Modalit\u00e4t der Verarbeitung<\/strong><\/li>\n<\/ol>\n<p>Die erhobenen Daten werden verarbeitet, aufbewahrt und mit elektronischen Instrumenten ausgearbeitet und sowohl auf informatischen Tr\u00e4gern als auch auf Papier in Datenbanken angelegt sowie auf jeder anderen geeigneten Tr\u00e4gerart. Spezielle Sicherheitsvorkehrungen werden eingehalten, um Datenverlust, unrechtm\u00e4\u00dfigen oder nicht korrekten Gebrauch sowie nicht befugten Zugriffen vorzubeugen.<\/p>\n<p>Die Daten werden nicht an anderen Nutzer des Portals verbreitet oder ver\u00f6ffentlicht; sie k\u00f6nnen aber an Gesellschaften, Unternehmen oder B\u00fcros mitgeteilt werden, die sich um die Verwaltung des Portals (inklusive die\u00a0<em>Web<\/em>\u00a0<em>Hosting-Dienste<\/em>) oder um die Bearbeitung der Nutzeranfragen k\u00fcmmern. Die unter Bezugnahme auf die Zwecke der Verhinderung der Verbreitung der Coronavirus-Infektion gesammelten Daten d\u00fcrfen ausschlie\u00dflich an \u00f6ffentliche Einrichtungen zur Erf\u00fcllung aller und aller gesetzlichen Anforderungen weitergegeben werden. Eine Liste der Dritten, die personenbezogene Daten erhalten k\u00f6nnen, ist auf Anfrage per E-Mail an die folgende Adresse privacy@donnafugata.it erh\u00e4ltlich.<\/p>\n<p>Au\u00dfer den unter Punkt 2 genannten Zwecken k\u00f6nnen die Daten verarbeitet werden, um gesetzlichen Verpflichtungen, Verordnungen oder EU-Richtlinien sowie Bestimmungen der Aufsichtsbeh\u00f6rden zu erf\u00fcllen.<\/p>\n<p>Die \u00fcbermittelten personenbezogenen Daten k\u00f6nnen frei aus Italien an L\u00e4nder der Europ\u00e4ischen Union \u00fcbertragen werden. Die eventuelle \u00dcbertragung von personenbezogenen Daten der betroffenen Person in L\u00e4nder au\u00dferhalb der Europ\u00e4ischen Union erfolgt unter Einhaltung angemessener Garantien, die f\u00fcr die Zwecke der \u00dcbertragung selbst geeignet sind, nach der anwendbaren Richtlinie und insbesondere nach Artikel 45 und 46 der Verordnung.<\/p>\n<p>Die Webseite, auf der das Portal vorhanden ist, nutzt Cookies: f\u00fcr weitere Informationen bitten wir, die Cookie-Richtlinie unter der URL: https:\/\/www.iubenda.com\/privacy-policy\/48182395\/cookie-policy<\/p>\n<ol>\n<li><strong>Aufbewahrungsdauer der Daten<\/strong><\/li>\n<\/ol>\n<p>Die erhobenen und verarbeiteten personenbezogenen Daten werden infolge der Navigation auf dem Portal f\u00fcr den gesamten Zeitraum verarbeitet, der notwendig ist, um die vom Kunden angefragten Dienste zu erf\u00fcllen.<\/p>\n<p>Die Verarbeitung wird solange ausge\u00fcbt, bis die betroffene Person durch eine schriftliche Mitteilung an die Adresse\u00a0<a href=\"mailto:privacy@donnafugata.it\">privacy@donnafugata.it<\/a>\u00a0Widerruf einlegt oder die Anmeldung zum Portal (unter Befolgung der Anleitungen, die am Ende einer jeden erhaltenen Mitteilung dargestellt sind) r\u00fcckg\u00e4ngig macht.<\/p>\n<p>Die erhobenen und verarbeiteten Daten werden auf jeden Fall f\u00fcr den f\u00fcr die Zwecke erforderlichen Zeitraum, f\u00fcr die sie erhoben und verarbeitet wurden, aber auch zur Erf\u00fcllung von vertraglichen oder gesetzlichen Verpflichtungen, insbesondere im Hinblick auf alle bestehenden Notfallma\u00dfnahmen oder -regelungen, zur Dokumentation der vorgenommenen Handlungen und zur Garantie Aufhebung jeglicher Handlung gegen\u00fcber Donnafugata aufbewahrt.<\/p>\n<ol>\n<li><strong>Subjekten, denen die Daten mitgeteilt werden k\u00f6nnen<\/strong><\/li>\n<\/ol>\n<p>Die erhobenen Daten werden nicht verbreitet und k\u00f6nnen an interne oder externe Mitarbeiter des Verantwortlichen sowie an Unternehmen, Institutionen, Gesellschaften oder B\u00fcros, welche als Auftragsverarbeiter im Auftrag des Verantwortlichen Dienstleistungen und Aktivit\u00e4ten zur Erf\u00fcllung der gesetzlichen organisatorischen und administrativen Verpflichtungen erbringen, die zur Erf\u00fcllung der ihnen \u00fcbertragenen Hilfsaufgaben unbedingt erforderlich sind, weitergegeben werden, sowie an Personen, die nach dem Gesetzt oder EU-Vorschriften, Zugang zu den personenbezogenen Daten haben. Die Namen der Personen, welche in ihrer Eigenschaft als Auftragsverarbeiter von den Daten Kenntnis erhalten k\u00f6nnen, sind in einer Liste aufgef\u00fchrt, die bei Donnafugata erh\u00e4ltlich ist (bei den unter Punkt 6 angegebenen Kontaktdaten angefordert werden kann).<\/p>\n<ol>\n<li><strong>Rechte der betroffenen Person, auf die sich die Daten beziehen<\/strong><\/li>\n<\/ol>\n<p>In Bezug auf die oben genannten Datenverarbeitungen hat die Person, auf die sich die Daten beziehen, die M\u00f6glichkeit, jederzeit die Rechte auszu\u00fcben, die von der Verordnung (Art. 15, 16, 17, 18, 19, 20, 21) vorgesehen sind, d.h. sie hat das Recht a) auf die personenbezogenen Daten zuzugreifen; b) die Berichtigung, Aktualisierung, Erg\u00e4nzung, L\u00f6schung, Beschr\u00e4nkung oder \u00dcbertragbarkeit zu f\u00f6rdern; c) sich der Verarbeitung zu widersetzen; d) die Einwilligung zur Datenverarbeitung zu widerrufen und e) bei der Datenschutzbeh\u00f6rde Beschwerde unter Einhaltung der Verfahren und Anleitungen, die auf dem Webportal\u00a0<a href=\"http:\/\/www.garanteprivacy.it.\/\">http:\/\/www.garanteprivacy.it.<\/a>ver\u00f6ffentlicht sind, einzulegen.<\/p>\n<p>Zur Kl\u00e4rung der Modalit\u00e4ten der Datenverarbeitung und zur Aus\u00fcbung der oben genannten Rechte wenden Sie sich bitte an die folgende E-Mail-Adresse: privacy@donnafugata.it. Der f\u00fcr die Verarbeitung Verantwortliche antwortet dem Betroffenen innerhalb von 30 Tagen nach Eingang des Antrags, wobei er sich das Recht vorbeh\u00e4lt, die Frist in besonders schwierigen F\u00e4llen um weitere drei Monate zu verl\u00e4ngern, sofern er dem Betroffenen eine begr\u00fcndete Mitteilung macht.<\/p>\n<ol start=\"7\">\n<li><strong>Verantwortlicher \u2013 Datenschutzbeauftragter \u2013 Kontaktdaten<\/strong><\/li>\n<\/ol>\n<p>Unsere Kontaktdaten als Verantwortlicher f\u00fcr jede Verarbeitung personenbezogener Daten: Tenuta di Donnafugata S.r.l. Societ\u00e0 Agricola, Via S.Lipari,18, Marsala TP, MwSt.-Nr. 01155720814, Tel\/Fax 0923724201\/0923724211.<\/p>\n<p>Donnafugata hat das Studio Cartwright Pescatore zum Datenschutzbeauftragten ernannt, und zwar durch die Rechtsanw\u00e4ltin Francesca Zichittella, die unter folgender E-Mail-Adresse zu erreichen ist: francesca.zichittella@becp.eu.<\/p>\n<p>Donnafugata beh\u00e4lt sich das Recht vor, das vorliegende\u00a0<strong><a href=\"https:\/\/www.iubenda.com\/privacy-policy\/48182395\" target=\"_blank\" rel=\"noopener\">Informationsschreiben<\/a>\u00a0<\/strong>zur Verarbeitung personenbezogener Daten zu aktualisieren.<\/p>\n<\/div>\n","protected":false},"excerpt":{"rendered":"<p>Informationsschreiben zur Verarbeitung von personenbezogenen Daten nach Art. 13 und 14 der EU-Verordnung 2016\/679 (nachfolgend als \u201cVerordnung\u201d bezeichnet). TENUTA DI DONNAFUGATA S.r.l. Societ\u00e0 Agricola (nachfolgend als \u201cDonnafugata\u201d bezeichnet) \u00fcbermittelt die Informationen zur Verarbeitung der personenbezogenen Daten des Nutzers, der die Donnafugata-Webseite unter https:\/\/old.donnafugata.it, https:\/\/visit.donnafugata.it, https:\/\/wineclub.donnafugata.it, https:\/\/winelovers.donnafugata.it sowie jede andere Adresse unter der Domain \u201cdonnafugata.it\u201d (zusammen [&hellip;]<\/p>\n","protected":false},"author":1,"featured_media":0,"parent":0,"menu_order":0,"comment_status":"closed","ping_status":"closed","template":"","meta":[],"acf":[],"yoast_head":"<!-- This site is optimized with the Yoast SEO plugin v19.10 - https:\/\/yoast.com\/wordpress\/plugins\/seo\/ -->\n<title>Informationsschreiben zur bearbeitung von personenbezogenen daten - Donnafugata<\/title>\n<meta name=\"description\" content=\"Informationsschreiben zur Verarbeitung von personenbezogenen Daten nach Art. 13 und 14 der EU-Verordnung 2016\/679 (nachfolgend als \u201cVerordnung\u201d\" \/>\n<meta name=\"robots\" content=\"index, follow, max-snippet:-1, max-image-preview:large, max-video-preview:-1\" \/>\n<meta property=\"og:locale\" content=\"de_DE\" \/>\n<meta property=\"og:type\" content=\"article\" \/>\n<meta property=\"og:title\" content=\"Informationsschreiben zur bearbeitung von personenbezogenen daten - Donnafugata\" \/>\n<meta property=\"og:description\" content=\"Informationsschreiben zur Verarbeitung von personenbezogenen Daten nach Art. 13 und 14 der EU-Verordnung 2016\/679 (nachfolgend als \u201cVerordnung\u201d\" \/>\n<meta property=\"og:url\" content=\"https:\/\/www.donnafugata.it\/de\/privacy-policy\/\" \/>\n<meta property=\"og:site_name\" content=\"Donnafugata\" \/>\n<meta property=\"article:modified_time\" content=\"2023-07-24T10:49:06+00:00\" \/>\n<meta name=\"twitter:card\" content=\"summary_large_image\" \/>\n<meta name=\"twitter:label1\" content=\"Gesch\u00e4tzte Lesezeit\" \/>\n\t<meta name=\"twitter:data1\" content=\"7 Minuten\" \/>\n<script type=\"application\/ld+json\" class=\"yoast-schema-graph\">{\"@context\":\"https:\/\/schema.org\",\"@graph\":[{\"@type\":\"WebPage\",\"@id\":\"https:\/\/www.donnafugata.it\/de\/privacy-policy\/\",\"url\":\"https:\/\/www.donnafugata.it\/de\/privacy-policy\/\",\"name\":\"Informationsschreiben zur bearbeitung von personenbezogenen daten - Donnafugata\",\"isPartOf\":{\"@id\":\"https:\/\/www.donnafugata.it\/en\/#website\"},\"datePublished\":\"2022-08-30T14:58:28+00:00\",\"dateModified\":\"2023-07-24T10:49:06+00:00\",\"description\":\"Informationsschreiben zur Verarbeitung von personenbezogenen Daten nach Art. 13 und 14 der EU-Verordnung 2016\/679 (nachfolgend als \u201cVerordnung\u201d\",\"breadcrumb\":{\"@id\":\"https:\/\/www.donnafugata.it\/de\/privacy-policy\/#breadcrumb\"},\"inLanguage\":\"de-DE\",\"potentialAction\":[{\"@type\":\"ReadAction\",\"target\":[\"https:\/\/www.donnafugata.it\/de\/privacy-policy\/\"]}]},{\"@type\":\"BreadcrumbList\",\"@id\":\"https:\/\/www.donnafugata.it\/de\/privacy-policy\/#breadcrumb\",\"itemListElement\":[{\"@type\":\"ListItem\",\"position\":1,\"name\":\"Home\",\"item\":\"https:\/\/www.donnafugata.it\/de\/\"},{\"@type\":\"ListItem\",\"position\":2,\"name\":\"Informationsschreiben zur bearbeitung von personenbezogenen daten\"}]},{\"@type\":\"WebSite\",\"@id\":\"https:\/\/www.donnafugata.it\/en\/#website\",\"url\":\"https:\/\/www.donnafugata.it\/en\/\",\"name\":\"Donnafugata\",\"description\":\"Donnafugata INT\",\"potentialAction\":[{\"@type\":\"SearchAction\",\"target\":{\"@type\":\"EntryPoint\",\"urlTemplate\":\"https:\/\/www.donnafugata.it\/en\/?s={search_term_string}\"},\"query-input\":\"required name=search_term_string\"}],\"inLanguage\":\"de-DE\"}]}<\/script>\n<!-- \/ Yoast SEO plugin. -->","yoast_head_json":{"title":"Informationsschreiben zur bearbeitung von personenbezogenen daten - Donnafugata","description":"Informationsschreiben zur Verarbeitung von personenbezogenen Daten nach Art. 13 und 14 der EU-Verordnung 2016\/679 (nachfolgend als \u201cVerordnung\u201d","robots":{"index":"index","follow":"follow","max-snippet":"max-snippet:-1","max-image-preview":"max-image-preview:large","max-video-preview":"max-video-preview:-1"},"og_locale":"de_DE","og_type":"article","og_title":"Informationsschreiben zur bearbeitung von personenbezogenen daten - Donnafugata","og_description":"Informationsschreiben zur Verarbeitung von personenbezogenen Daten nach Art. 13 und 14 der EU-Verordnung 2016\/679 (nachfolgend als \u201cVerordnung\u201d","og_url":"https:\/\/www.donnafugata.it\/de\/privacy-policy\/","og_site_name":"Donnafugata","article_modified_time":"2023-07-24T10:49:06+00:00","twitter_card":"summary_large_image","twitter_misc":{"Gesch\u00e4tzte Lesezeit":"7 Minuten"},"schema":{"@context":"https:\/\/schema.org","@graph":[{"@type":"WebPage","@id":"https:\/\/www.donnafugata.it\/de\/privacy-policy\/","url":"https:\/\/www.donnafugata.it\/de\/privacy-policy\/","name":"Informationsschreiben zur bearbeitung von personenbezogenen daten - Donnafugata","isPartOf":{"@id":"https:\/\/www.donnafugata.it\/en\/#website"},"datePublished":"2022-08-30T14:58:28+00:00","dateModified":"2023-07-24T10:49:06+00:00","description":"Informationsschreiben zur Verarbeitung von personenbezogenen Daten nach Art. 13 und 14 der EU-Verordnung 2016\/679 (nachfolgend als \u201cVerordnung\u201d","breadcrumb":{"@id":"https:\/\/www.donnafugata.it\/de\/privacy-policy\/#breadcrumb"},"inLanguage":"de-DE","potentialAction":[{"@type":"ReadAction","target":["https:\/\/www.donnafugata.it\/de\/privacy-policy\/"]}]},{"@type":"BreadcrumbList","@id":"https:\/\/www.donnafugata.it\/de\/privacy-policy\/#breadcrumb","itemListElement":[{"@type":"ListItem","position":1,"name":"Home","item":"https:\/\/www.donnafugata.it\/de\/"},{"@type":"ListItem","position":2,"name":"Informationsschreiben zur bearbeitung von personenbezogenen daten"}]},{"@type":"WebSite","@id":"https:\/\/www.donnafugata.it\/en\/#website","url":"https:\/\/www.donnafugata.it\/en\/","name":"Donnafugata","description":"Donnafugata INT","potentialAction":[{"@type":"SearchAction","target":{"@type":"EntryPoint","urlTemplate":"https:\/\/www.donnafugata.it\/en\/?s={search_term_string}"},"query-input":"required name=search_term_string"}],"inLanguage":"de-DE"}]}},"_links":{"self":[{"href":"https:\/\/www.donnafugata.it\/de\/wp-json\/wp\/v2\/pages\/579"}],"collection":[{"href":"https:\/\/www.donnafugata.it\/de\/wp-json\/wp\/v2\/pages"}],"about":[{"href":"https:\/\/www.donnafugata.it\/de\/wp-json\/wp\/v2\/types\/page"}],"author":[{"embeddable":true,"href":"https:\/\/www.donnafugata.it\/de\/wp-json\/wp\/v2\/users\/1"}],"replies":[{"embeddable":true,"href":"https:\/\/www.donnafugata.it\/de\/wp-json\/wp\/v2\/comments?post=579"}],"version-history":[{"count":1,"href":"https:\/\/www.donnafugata.it\/de\/wp-json\/wp\/v2\/pages\/579\/revisions"}],"predecessor-version":[{"id":161550,"href":"https:\/\/www.donnafugata.it\/de\/wp-json\/wp\/v2\/pages\/579\/revisions\/161550"}],"wp:attachment":[{"href":"https:\/\/www.donnafugata.it\/de\/wp-json\/wp\/v2\/media?parent=579"}],"curies":[{"name":"wp","href":"https:\/\/api.w.org\/{rel}","templated":true}]}}