{"id":45378,"date":"2022-09-05T14:22:48","date_gmt":"2022-09-05T14:22:48","guid":{"rendered":"https:\/\/www.donnafugata.it\/cultura\/sostenibilita\/"},"modified":"2025-08-22T06:54:23","modified_gmt":"2025-08-22T06:54:23","slug":"sostenibilita","status":"publish","type":"page","link":"https:\/\/www.donnafugata.it\/it\/identita\/sostenibilita\/","title":{"rendered":"Sostenibilit\u00e0"},"content":{"rendered":"","protected":false},"excerpt":{"rendered":"","protected":false},"author":1,"featured_media":49516,"parent":45355,"menu_order":0,"comment_status":"closed","ping_status":"closed","template":"templates\/tpl-sustainability.php","meta":[],"acf":[],"yoast_head":"<!-- This site is optimized with the Yoast SEO plugin v19.10 - https:\/\/yoast.com\/wordpress\/plugins\/seo\/ -->\n<title>La sostenibilit\u00e0 Donnafugata, un valore che fa parte del nostro DNA<\/title>\n<meta name=\"description\" content=\"Scopri l&#039;impegno di Donnafugata verso la sostenibilit\u00e0 ambientale e sociale. Visita la nostra pagina sull&#039;identit\u00e0 e la sostenibilit\u00e0 per conoscere le nostre pratiche eco-friendly, la nostra filosofia di produzione e come contribuiamo a un futuro migliore. Unisciti a noi nel viaggio verso un vino ecologico di alta qualit\u00e0\" \/>\n<meta name=\"robots\" content=\"index, follow, max-snippet:-1, max-image-preview:large, max-video-preview:-1\" \/>\n<meta property=\"og:locale\" content=\"it_IT\" \/>\n<meta property=\"og:type\" content=\"article\" \/>\n<meta property=\"og:title\" content=\"La sostenibilit\u00e0 Donnafugata, un valore che fa parte del nostro DNA\" \/>\n<meta property=\"og:description\" content=\"Scopri l&#039;impegno di Donnafugata verso la sostenibilit\u00e0 ambientale e sociale. Visita la nostra pagina sull&#039;identit\u00e0 e la sostenibilit\u00e0 per conoscere le nostre pratiche eco-friendly, la nostra filosofia di produzione e come contribuiamo a un futuro migliore. Unisciti a noi nel viaggio verso un vino ecologico di alta qualit\u00e0\" \/>\n<meta property=\"og:url\" content=\"https:\/\/www.donnafugata.it\/it\/identita\/sostenibilita\/\" \/>\n<meta property=\"og:site_name\" content=\"Donnafugata\" \/>\n<meta property=\"article:modified_time\" content=\"2025-08-22T06:54:23+00:00\" \/>\n<meta property=\"og:image\" content=\"https:\/\/www.donnafugata.it\/wp-content\/uploads\/2022\/10\/Donnafugata-Sostenibilita-02.jpg\" \/>\n\t<meta property=\"og:image:width\" content=\"1080\" \/>\n\t<meta property=\"og:image:height\" content=\"675\" \/>\n\t<meta property=\"og:image:type\" content=\"image\/jpeg\" \/>\n<meta name=\"twitter:card\" content=\"summary_large_image\" \/>\n<script type=\"application\/ld+json\" class=\"yoast-schema-graph\">{\"@context\":\"https:\/\/schema.org\",\"@graph\":[{\"@type\":\"WebPage\",\"@id\":\"https:\/\/www.donnafugata.it\/it\/identita\/sostenibilita\/\",\"url\":\"https:\/\/www.donnafugata.it\/it\/identita\/sostenibilita\/\",\"name\":\"La sostenibilit\u00e0 Donnafugata, un valore che fa parte del nostro DNA\",\"isPartOf\":{\"@id\":\"https:\/\/www.donnafugata.it\/en\/#website\"},\"datePublished\":\"2022-09-05T14:22:48+00:00\",\"dateModified\":\"2025-08-22T06:54:23+00:00\",\"description\":\"Scopri l'impegno di Donnafugata verso la sostenibilit\u00e0 ambientale e sociale. Visita la nostra pagina sull'identit\u00e0 e la sostenibilit\u00e0 per conoscere le nostre pratiche eco-friendly, la nostra filosofia di produzione e come contribuiamo a un futuro migliore. Unisciti a noi nel viaggio verso un vino ecologico di alta qualit\u00e0\",\"breadcrumb\":{\"@id\":\"https:\/\/www.donnafugata.it\/it\/identita\/sostenibilita\/#breadcrumb\"},\"inLanguage\":\"it-IT\",\"potentialAction\":[{\"@type\":\"ReadAction\",\"target\":[\"https:\/\/www.donnafugata.it\/it\/identita\/sostenibilita\/\"]}]},{\"@type\":\"BreadcrumbList\",\"@id\":\"https:\/\/www.donnafugata.it\/it\/identita\/sostenibilita\/#breadcrumb\",\"itemListElement\":[{\"@type\":\"ListItem\",\"position\":1,\"name\":\"Home\",\"item\":\"https:\/\/www.donnafugata.it\/it\/\"},{\"@type\":\"ListItem\",\"position\":2,\"name\":\"Identit\u00e0\",\"item\":\"https:\/\/www.donnafugata.it\/it\/identita\/\"},{\"@type\":\"ListItem\",\"position\":3,\"name\":\"Sostenibilit\u00e0\"}]},{\"@type\":\"WebSite\",\"@id\":\"https:\/\/www.donnafugata.it\/en\/#website\",\"url\":\"https:\/\/www.donnafugata.it\/en\/\",\"name\":\"Donnafugata\",\"description\":\"Donnafugata INT\",\"potentialAction\":[{\"@type\":\"SearchAction\",\"target\":{\"@type\":\"EntryPoint\",\"urlTemplate\":\"https:\/\/www.donnafugata.it\/en\/?s={search_term_string}\"},\"query-input\":\"required name=search_term_string\"}],\"inLanguage\":\"it-IT\"}]}<\/script>\n<!-- \/ Yoast SEO plugin. -->","yoast_head_json":{"title":"La sostenibilit\u00e0 Donnafugata, un valore che fa parte del nostro DNA","description":"Scopri l'impegno di Donnafugata verso la sostenibilit\u00e0 ambientale e sociale. Visita la nostra pagina sull'identit\u00e0 e la sostenibilit\u00e0 per conoscere le nostre pratiche eco-friendly, la nostra filosofia di produzione e come contribuiamo a un futuro migliore. Unisciti a noi nel viaggio verso un vino ecologico di alta qualit\u00e0","robots":{"index":"index","follow":"follow","max-snippet":"max-snippet:-1","max-image-preview":"max-image-preview:large","max-video-preview":"max-video-preview:-1"},"og_locale":"it_IT","og_type":"article","og_title":"La sostenibilit\u00e0 Donnafugata, un valore che fa parte del nostro DNA","og_description":"Scopri l'impegno di Donnafugata verso la sostenibilit\u00e0 ambientale e sociale. Visita la nostra pagina sull'identit\u00e0 e la sostenibilit\u00e0 per conoscere le nostre pratiche eco-friendly, la nostra filosofia di produzione e come contribuiamo a un futuro migliore. Unisciti a noi nel viaggio verso un vino ecologico di alta qualit\u00e0","og_url":"https:\/\/www.donnafugata.it\/it\/identita\/sostenibilita\/","og_site_name":"Donnafugata","article_modified_time":"2025-08-22T06:54:23+00:00","og_image":[{"width":1080,"height":675,"url":"https:\/\/www.donnafugata.it\/wp-content\/uploads\/2022\/10\/Donnafugata-Sostenibilita-02.jpg","type":"image\/jpeg"}],"twitter_card":"summary_large_image","schema":{"@context":"https:\/\/schema.org","@graph":[{"@type":"WebPage","@id":"https:\/\/www.donnafugata.it\/it\/identita\/sostenibilita\/","url":"https:\/\/www.donnafugata.it\/it\/identita\/sostenibilita\/","name":"La sostenibilit\u00e0 Donnafugata, un valore che fa parte del nostro DNA","isPartOf":{"@id":"https:\/\/www.donnafugata.it\/en\/#website"},"datePublished":"2022-09-05T14:22:48+00:00","dateModified":"2025-08-22T06:54:23+00:00","description":"Scopri l'impegno di Donnafugata verso la sostenibilit\u00e0 ambientale e sociale. Visita la nostra pagina sull'identit\u00e0 e la sostenibilit\u00e0 per conoscere le nostre pratiche eco-friendly, la nostra filosofia di produzione e come contribuiamo a un futuro migliore. Unisciti a noi nel viaggio verso un vino ecologico di alta qualit\u00e0","breadcrumb":{"@id":"https:\/\/www.donnafugata.it\/it\/identita\/sostenibilita\/#breadcrumb"},"inLanguage":"it-IT","potentialAction":[{"@type":"ReadAction","target":["https:\/\/www.donnafugata.it\/it\/identita\/sostenibilita\/"]}]},{"@type":"BreadcrumbList","@id":"https:\/\/www.donnafugata.it\/it\/identita\/sostenibilita\/#breadcrumb","itemListElement":[{"@type":"ListItem","position":1,"name":"Home","item":"https:\/\/www.donnafugata.it\/it\/"},{"@type":"ListItem","position":2,"name":"Identit\u00e0","item":"https:\/\/www.donnafugata.it\/it\/identita\/"},{"@type":"ListItem","position":3,"name":"Sostenibilit\u00e0"}]},{"@type":"WebSite","@id":"https:\/\/www.donnafugata.it\/en\/#website","url":"https:\/\/www.donnafugata.it\/en\/","name":"Donnafugata","description":"Donnafugata INT","potentialAction":[{"@type":"SearchAction","target":{"@type":"EntryPoint","urlTemplate":"https:\/\/www.donnafugata.it\/en\/?s={search_term_string}"},"query-input":"required name=search_term_string"}],"inLanguage":"it-IT"}]}},"_links":{"self":[{"href":"https:\/\/www.donnafugata.it\/it\/wp-json\/wp\/v2\/pages\/45378"}],"collection":[{"href":"https:\/\/www.donnafugata.it\/it\/wp-json\/wp\/v2\/pages"}],"about":[{"href":"https:\/\/www.donnafugata.it\/it\/wp-json\/wp\/v2\/types\/page"}],"author":[{"embeddable":true,"href":"https:\/\/www.donnafugata.it\/it\/wp-json\/wp\/v2\/users\/1"}],"replies":[{"embeddable":true,"href":"https:\/\/www.donnafugata.it\/it\/wp-json\/wp\/v2\/comments?post=45378"}],"version-history":[{"count":2,"href":"https:\/\/www.donnafugata.it\/it\/wp-json\/wp\/v2\/pages\/45378\/revisions"}],"predecessor-version":[{"id":232753,"href":"https:\/\/www.donnafugata.it\/it\/wp-json\/wp\/v2\/pages\/45378\/revisions\/232753"}],"up":[{"embeddable":true,"href":"https:\/\/www.donnafugata.it\/it\/wp-json\/wp\/v2\/pages\/45355"}],"wp:featuredmedia":[{"embeddable":true,"href":"https:\/\/www.donnafugata.it\/it\/wp-json\/wp\/v2\/media\/49516"}],"wp:attachment":[{"href":"https:\/\/www.donnafugata.it\/it\/wp-json\/wp\/v2\/media?parent=45378"}],"curies":[{"name":"wp","href":"https:\/\/api.w.org\/{rel}","templated":true}]}}