{"id":48586,"date":"2022-10-24T13:02:28","date_gmt":"2022-10-24T13:02:28","guid":{"rendered":"https:\/\/www.donnafugata.it\/?page_id=48586"},"modified":"2022-10-26T07:12:08","modified_gmt":"2022-10-26T07:12:08","slug":"modalita-di-pagamento","status":"publish","type":"page","link":"https:\/\/www.donnafugata.it\/it\/modalita-di-pagamento\/","title":{"rendered":"Modalit\u00e0 di pagamento"},"content":{"rendered":"<p>Puoi scegliere tra\u00a0<strong>diverse modalit\u00e0 di pagamento<\/strong>, sono tutte garantite secondo i pi\u00f9 moderni standard di sicurezza:<\/p>\n<ul>\n<li>Con Carta di Credito<\/li>\n<li>Con PayPal<\/li>\n<li>Con un Bonifico bancario.<\/li>\n<\/ul>\n<p>Ti ricordiamo di leggere con attenzione anche le nostre\u00a0<a href=\"https:\/\/www.donnafugata.it\/it\/condizioni-di-vendita\/\">Condizioni di vendita<\/a><\/p>\n<h3>Con la tua Carta di Credito<\/h3>\n<p>Al momento del pagamento del tuo ordine con carta di credito, verrai\u00a0<strong>diretto automaticamente a una pagina sicura (SSL)<\/strong>\u00a0sul sito della banca che si occuper\u00e0 della transazione. In questa pagina puoi inserire, con la massima tranquillit\u00e0, i dati della tua carta.<br \/>\nSe il pagamento va a buon fine, la conferma \u00e8 immediata e noi riceveremo dalla Banca solo un numero di scontrino.<br \/>\nA differenza di quanto avviene in un esercizio commerciale tradizionale (dove i dati della tua carta passano sotto gli occhi del titolare dell&#8217;esercizio, del commesso, del cameriere, ecc.) la transazione online \u00e8 assolutamente sicura perch\u00e9 nessuno, ad esclusione della banca che si occuper\u00e0 della transazione, pu\u00f2 venire a conoscenza dei codici della tua Carta di Credito.<\/p>\n<p>Sono accettate le seguenti carte di credito:<\/p>\n<ul>\n<li>Visa<\/li>\n<li>Mastercard<\/li>\n<li>Maestro<\/li>\n<li>American Express per transazioni in euro<\/li>\n<\/ul>\n<p>Sono anche accettate tutte le carte di credito ricaricabili (quali ad esempio PostePay) se associate a un circuito internazionale (ad esempio Visa o Mastercard).<\/p>\n<p>Al momento dell&#8217;ordine l&#8217;importo totale viene solamente\u00a0<strong>&#8220;impegnato&#8221; sul plafond<\/strong>\u00a0della tua carta di credito (AUTORIZZAZIONE), solo il giorno seguente alla spedizione della merce ordinata procederemo con\u00a0<strong>l&#8217;addebito effettivo<\/strong>.<br \/>\nNel caso in cui i tempi di spedizione siano superiori alla scadenza dell&#8217;Autorizzazione (ad esempio per prodotti &#8220;Su Richiesta&#8221;, o prenotati, In Arrivo, ecc.), per evitare la scadenza della stessa, ci riserviamo la facolt\u00e0 di addebitare la carta, prima della spedizione.<\/p>\n<p>In alcuni casi, il nostro Servizio Clienti, potrebbe contattarti per richiederti informazioni aggiuntive atte a determinare l&#8217;effettiva titolarit\u00e0 della carta di credito.<br \/>\nIn questo caso, i tempi di spedizione, decorreranno dalla conclusione dei controlli.<\/p>\n<p>Sull&#8217;estratto conto della carta di credito sar\u00e0 indicato il negozio\u00a0<strong>Ecommerce Outsourcing S.r.l.<\/strong><\/p>\n<p>In tutti i casi di risoluzione del contratto e conseguente cancellazione dell&#8217;ordine, prima dell&#8217;addebito effettivo sulla carta di credito, richiederemo lo svincolo dell&#8217;importo impegnato tramite i sistemi bancari. I tempi di svincolo dipendono esclusivamente dall&#8217;emittente della tua carta di credito e, per alcuni tipologie di carte, possono arrivare fino alla loro naturale scadenza che \u00e8 normalmente di 24 giorni dalla data dell&#8217;Autorizzazione.<\/p>\n<h3>Con Bonifico Bancario anticipato<\/h3>\n<p>Se lo preferisci puoi pagare il tuo ordine con un\u00a0<strong>bonifico bancario anticipato\u00a0<\/strong>alle coordinate bancarie che ti comunicheremo via e-mail dopo la ricezione del tuo ordine (nell&#8217;arco delle 24 ore lavorative successive).<\/p>\n<p>Questa modalit\u00e0 di pagamento\u00a0<strong>rallenta il processo di gestione<\/strong>\u00a0del tuo ordine in quanto prima di spedire gli articoli da te acquistati, attenderemo l&#8217;effettivo accredito della somma sul nostro conto, che dovr\u00e0 avvenire entro\u00a0<strong>7 giorni lavorativi<\/strong>\u00a0dalla data di ricevimento della e-mail di &#8220;comunicazione coordinate bancarie&#8221;.<br \/>\nDecorso tale termine, l&#8217;ordine verr\u00e0 considerato annullato (riceverai la relativa comunicazione via email).<\/p>\n<p>La causale del bonifico dovr\u00e0 riportare:\u00a0<strong>numero ordine, data di effettuazione dell&#8217;ordine<\/strong>, cognome e nome dell&#8217;intestatario ordine (se diverso da quello del titolare del conto da cui proviene il bonifico).<br \/>\nTi consigliamo di inviarci la prova di avvenuto bonifico (ricevuta cartacea o conferma del bonifico online) una volta effettuato il bonifico.<\/p>\n<p>I tempi di spedizione, cio\u00e8 di presa in carico del prodotto da parte del corriere, indicati nella Scheda Tecnica, decorreranno dalla data di ricezione del bonifico sul nostro conto (e non dalla data di trasmissione dell&#8217;ordine).<\/p>\n<p>La modalit\u00e0 di pagamento Bonifico Bancario anticipato non \u00e8 disponibile per tutti gli articoli a catalogo.<br \/>\nEventuali limitazioni vengono chiaramente evidenziate all&#8217;interno del carrello di acquisto, inoltre, tale modalit\u00e0 non comparir\u00e0 fra quelle disponibili nella scheda tecnica del prodotto.<\/p>\n","protected":false},"excerpt":{"rendered":"<p>Puoi scegliere tra\u00a0diverse modalit\u00e0 di pagamento, sono tutte garantite secondo i pi\u00f9 moderni standard di sicurezza: Con Carta di Credito Con PayPal Con un Bonifico bancario. Ti ricordiamo di leggere con attenzione anche le nostre\u00a0Condizioni di vendita Con la tua Carta di Credito Al momento del pagamento del tuo ordine con carta di credito, verrai\u00a0diretto [&hellip;]<\/p>\n","protected":false},"author":3,"featured_media":0,"parent":0,"menu_order":0,"comment_status":"closed","ping_status":"closed","template":"templates\/tpl-support.php","meta":[],"acf":[],"yoast_head":"<!-- This site is optimized with the Yoast SEO plugin v19.10 - https:\/\/yoast.com\/wordpress\/plugins\/seo\/ -->\n<title>Modalit\u00e0 di pagamento - Donnafugata<\/title>\n<meta name=\"description\" content=\"Puoi scegliere tra\u00a0diverse modalit\u00e0 di pagamento, sono tutte garantite secondo i pi\u00f9 moderni standard di sicurezza: Con Carta di Credito Con PayPal Con un\" \/>\n<meta name=\"robots\" content=\"index, follow, max-snippet:-1, max-image-preview:large, max-video-preview:-1\" \/>\n<meta property=\"og:locale\" content=\"it_IT\" \/>\n<meta property=\"og:type\" content=\"article\" \/>\n<meta property=\"og:title\" content=\"Modalit\u00e0 di pagamento - Donnafugata\" \/>\n<meta property=\"og:description\" content=\"Puoi scegliere tra\u00a0diverse modalit\u00e0 di pagamento, sono tutte garantite secondo i pi\u00f9 moderni standard di sicurezza: Con Carta di Credito Con PayPal Con un\" \/>\n<meta property=\"og:url\" content=\"https:\/\/www.donnafugata.it\/it\/modalita-di-pagamento\/\" \/>\n<meta property=\"og:site_name\" content=\"Donnafugata\" \/>\n<meta property=\"article:modified_time\" content=\"2022-10-26T07:12:08+00:00\" \/>\n<meta name=\"twitter:card\" content=\"summary_large_image\" \/>\n<meta name=\"twitter:label1\" content=\"Tempo di lettura stimato\" \/>\n\t<meta name=\"twitter:data1\" content=\"3 minuti\" \/>\n<script type=\"application\/ld+json\" class=\"yoast-schema-graph\">{\"@context\":\"https:\/\/schema.org\",\"@graph\":[{\"@type\":\"WebPage\",\"@id\":\"https:\/\/www.donnafugata.it\/it\/modalita-di-pagamento\/\",\"url\":\"https:\/\/www.donnafugata.it\/it\/modalita-di-pagamento\/\",\"name\":\"Modalit\u00e0 di pagamento - Donnafugata\",\"isPartOf\":{\"@id\":\"https:\/\/www.donnafugata.it\/en\/#website\"},\"datePublished\":\"2022-10-24T13:02:28+00:00\",\"dateModified\":\"2022-10-26T07:12:08+00:00\",\"description\":\"Puoi scegliere tra\u00a0diverse modalit\u00e0 di pagamento, sono tutte garantite secondo i pi\u00f9 moderni standard di sicurezza: Con Carta di Credito Con PayPal Con un\",\"breadcrumb\":{\"@id\":\"https:\/\/www.donnafugata.it\/it\/modalita-di-pagamento\/#breadcrumb\"},\"inLanguage\":\"it-IT\",\"potentialAction\":[{\"@type\":\"ReadAction\",\"target\":[\"https:\/\/www.donnafugata.it\/it\/modalita-di-pagamento\/\"]}]},{\"@type\":\"BreadcrumbList\",\"@id\":\"https:\/\/www.donnafugata.it\/it\/modalita-di-pagamento\/#breadcrumb\",\"itemListElement\":[{\"@type\":\"ListItem\",\"position\":1,\"name\":\"Home\",\"item\":\"https:\/\/www.donnafugata.it\/it\/\"},{\"@type\":\"ListItem\",\"position\":2,\"name\":\"Modalit\u00e0 di pagamento\"}]},{\"@type\":\"WebSite\",\"@id\":\"https:\/\/www.donnafugata.it\/en\/#website\",\"url\":\"https:\/\/www.donnafugata.it\/en\/\",\"name\":\"Donnafugata\",\"description\":\"Donnafugata INT\",\"potentialAction\":[{\"@type\":\"SearchAction\",\"target\":{\"@type\":\"EntryPoint\",\"urlTemplate\":\"https:\/\/www.donnafugata.it\/en\/?s={search_term_string}\"},\"query-input\":\"required name=search_term_string\"}],\"inLanguage\":\"it-IT\"}]}<\/script>\n<!-- \/ Yoast SEO plugin. -->","yoast_head_json":{"title":"Modalit\u00e0 di pagamento - Donnafugata","description":"Puoi scegliere tra\u00a0diverse modalit\u00e0 di pagamento, sono tutte garantite secondo i pi\u00f9 moderni standard di sicurezza: Con Carta di Credito Con PayPal Con un","robots":{"index":"index","follow":"follow","max-snippet":"max-snippet:-1","max-image-preview":"max-image-preview:large","max-video-preview":"max-video-preview:-1"},"og_locale":"it_IT","og_type":"article","og_title":"Modalit\u00e0 di pagamento - Donnafugata","og_description":"Puoi scegliere tra\u00a0diverse modalit\u00e0 di pagamento, sono tutte garantite secondo i pi\u00f9 moderni standard di sicurezza: Con Carta di Credito Con PayPal Con un","og_url":"https:\/\/www.donnafugata.it\/it\/modalita-di-pagamento\/","og_site_name":"Donnafugata","article_modified_time":"2022-10-26T07:12:08+00:00","twitter_card":"summary_large_image","twitter_misc":{"Tempo di lettura stimato":"3 minuti"},"schema":{"@context":"https:\/\/schema.org","@graph":[{"@type":"WebPage","@id":"https:\/\/www.donnafugata.it\/it\/modalita-di-pagamento\/","url":"https:\/\/www.donnafugata.it\/it\/modalita-di-pagamento\/","name":"Modalit\u00e0 di pagamento - Donnafugata","isPartOf":{"@id":"https:\/\/www.donnafugata.it\/en\/#website"},"datePublished":"2022-10-24T13:02:28+00:00","dateModified":"2022-10-26T07:12:08+00:00","description":"Puoi scegliere tra\u00a0diverse modalit\u00e0 di pagamento, sono tutte garantite secondo i pi\u00f9 moderni standard di sicurezza: Con Carta di Credito Con PayPal Con un","breadcrumb":{"@id":"https:\/\/www.donnafugata.it\/it\/modalita-di-pagamento\/#breadcrumb"},"inLanguage":"it-IT","potentialAction":[{"@type":"ReadAction","target":["https:\/\/www.donnafugata.it\/it\/modalita-di-pagamento\/"]}]},{"@type":"BreadcrumbList","@id":"https:\/\/www.donnafugata.it\/it\/modalita-di-pagamento\/#breadcrumb","itemListElement":[{"@type":"ListItem","position":1,"name":"Home","item":"https:\/\/www.donnafugata.it\/it\/"},{"@type":"ListItem","position":2,"name":"Modalit\u00e0 di pagamento"}]},{"@type":"WebSite","@id":"https:\/\/www.donnafugata.it\/en\/#website","url":"https:\/\/www.donnafugata.it\/en\/","name":"Donnafugata","description":"Donnafugata INT","potentialAction":[{"@type":"SearchAction","target":{"@type":"EntryPoint","urlTemplate":"https:\/\/www.donnafugata.it\/en\/?s={search_term_string}"},"query-input":"required name=search_term_string"}],"inLanguage":"it-IT"}]}},"_links":{"self":[{"href":"https:\/\/www.donnafugata.it\/it\/wp-json\/wp\/v2\/pages\/48586"}],"collection":[{"href":"https:\/\/www.donnafugata.it\/it\/wp-json\/wp\/v2\/pages"}],"about":[{"href":"https:\/\/www.donnafugata.it\/it\/wp-json\/wp\/v2\/types\/page"}],"author":[{"embeddable":true,"href":"https:\/\/www.donnafugata.it\/it\/wp-json\/wp\/v2\/users\/3"}],"replies":[{"embeddable":true,"href":"https:\/\/www.donnafugata.it\/it\/wp-json\/wp\/v2\/comments?post=48586"}],"version-history":[{"count":1,"href":"https:\/\/www.donnafugata.it\/it\/wp-json\/wp\/v2\/pages\/48586\/revisions"}],"predecessor-version":[{"id":49213,"href":"https:\/\/www.donnafugata.it\/it\/wp-json\/wp\/v2\/pages\/48586\/revisions\/49213"}],"wp:attachment":[{"href":"https:\/\/www.donnafugata.it\/it\/wp-json\/wp\/v2\/media?parent=48586"}],"curies":[{"name":"wp","href":"https:\/\/api.w.org\/{rel}","templated":true}]}}