{"id":580,"date":"2022-08-30T14:58:28","date_gmt":"2022-08-30T14:58:28","guid":{"rendered":"https:\/\/www.donnafugata.it\/privacy-policy\/"},"modified":"2023-07-24T10:47:26","modified_gmt":"2023-07-24T10:47:26","slug":"privacy-policy","status":"publish","type":"page","link":"https:\/\/www.donnafugata.it\/it\/privacy-policy\/","title":{"rendered":"Privacy Policy"},"content":{"rendered":"<header>\r\n<h1>Normativa sulla Privacy<\/h1>\r\n<\/header>\r\n<div>\r\n<p><strong>INFORMATIVA SUL TRATTAMENTO DEI DATI PERSONALI<\/strong><\/p>\r\n<p>Informativa sul trattamento dei dati personali\u00a0<em>ex<\/em>\u00a0artt. 13 e 14 del Regolamento UE 2016\/679 (&#8220;Regolamento&#8221;).<\/p>\r\n<p>TENUTA DI DONNAFUGATA S.r.l. Societ\u00e0 Agricola (\u201cDonnafugata\u201d), fornisce le informazioni relative al trattamento dei dati personali dell\u2019utente che navighi all\u2019interno dei siti web di Donnafugata agli indirizzi\u00a0<a href=\"https:\/\/www.donnafugata.it\/\">https:\/\/www.donnafugata.it<\/a>,\u00a0<a href=\"https:\/\/visit.donnafugata.it\/\">https:\/\/visit.donnafugata.it<\/a>,\u00a0<a href=\"https:\/\/wineclub.donnafugata.it\/\">https:\/\/wineclub.donnafugata.it<\/a>, <a href=\"https:\/\/winelovers.donnafugata.it\">https:\/\/winelovers.donnafugata.it<\/a> nonch\u00e9 ogni altro indirizzo che risulti sotto il dominio \u201cdonnafugata.it\u201d (tutti collettivamente definiti come il \u201cSito\u201d) ed eventualmente compili i <em>form<\/em>\u00a0delle sezioni \u201c<em>Login alla Press &amp; Trade Room<\/em>\u201d, \u201c<em>Store Locator<\/em>\u201d, \u201c<em>Sottoscrivi la nostra newsletter<\/em>\u201d e\/o \u201c<em>Prenota la tua visita<\/em>\u201d, anche mediante l\u2019uso dello strumento fornito da GoogleForm (collettivamente definiti come i \u201cForm\u201d).<\/p>\r\n<ol>\r\n<li><strong>Tipi di dati raccolti<\/strong><\/li>\r\n<\/ol>\r\n<p><em>Dati di navigazione<\/em><\/p>\r\n<p>I sistemi informatici e le procedure software preposte al funzionamento del Sito acquisiscono, nel corso del loro normale esercizio, alcuni dati personali la cui trasmissione \u00e8 implicita nell\u2019uso dei protocolli di comunicazione di Internet. In questa categoria di dati rientrano gli indirizzi IP o i nomi a dominio dei terminali degli utenti che si connettono al Sito, i MAC (Media Access Control) address, gli indirizzi in notazione URI (Uniform Resource Identifier) delle risorse richieste, l\u2019orario della richiesta, il metodo utilizzato nel sottoporre la richiesta al server, la dimensione del file ottenuto in risposta, il codice numerico indicante lo stato della risposta data dal server (buon fine, errore, ecc.) ed altri parametri relativi al sistema operativo e all\u2019ambiente informatico dell\u2019utente. Questi dati vengono utilizzati al solo fine di ricavare informazioni statistiche anonime sull\u2019uso del Sito e per controllarne il corretto funzionamento e vengono cancellati immediatamente dopo l\u2019elaborazione. I dati potrebbero essere utilizzati per l\u2019accertamento di responsabilit\u00e0 in caso di ipotetici reati informatici ai danni del Sito.<\/p>\r\n<p><em>Dati forniti volontariamente da persone fisiche e giuridiche<\/em><\/p>\r\n<p>A seguito dell\u2019invio volontario dei dati da parte dell\u2019utente (mediante invio messaggi di posta elettronica agli indirizzi presenti sul Sito, inserimento nei Form e\/o registrazione sul Sito) Donnafugata potr\u00e0 trattare tali dati personali per rispondere alle richieste formulate dall\u2019utente e\/o per fornire i servizi richiesti.<\/p>\r\n<p>Donnafugata tratta dunque in questo contesto, allorch\u00e9 forniti dall\u2019utente:<\/p>\r\n<ul>\r\n<li>dati identificativi;<\/li>\r\n<li>dati di contatto;<\/li>\r\n<li>informazioni di carattere commerciale e dati relativi ai propri gusti e preferenze;<\/li>\r\n<li>dati dell\u2019interessato relativamente ad allergie e\/o intolleranze alimentari, nonch\u00e9 alla temperatura corporea, in funzione dell\u2019effettuazione di accesso ai locali di Donnafugata, anche per visite guidate dell\u2019azienda con degustazione di cibi e bevande alcoliche nonch\u00e9 per la partecipazione a spettacoli tenuti in cantina, su richiesta dell\u2019interessato.<\/li>\r\n<\/ul>\r\n<ol start=\"2\">\r\n<li><strong>Finalit\u00e0 e base giuridica del trattamento<\/strong><\/li>\r\n<\/ol>\r\n<p>I dati forniti da persone fisiche e giuridiche e raccolti da Donnafugata verranno trattati per le seguenti finalit\u00e0:<\/p>\r\n<ol>\r\n<li>controllare il corretto funzionamento dei servizi offerti tramite il Sito (trattamento dati anonimi);<\/li>\r\n<li>ottenere informazioni statistiche sull&#8217;uso dei servizi e del Sito: ad esempio, pagine pi\u00f9 visitate, numero di visitatori per fascia oraria o giornaliera, aree geografiche di provenienza, ecc (trattamento dati anonimi);<\/li>\r\n<li>nel caso in cui sia stato prestato espresso consenso od in caso di precedenti acquisti di prodotti e\/o servizi sul Sito, a scopo promozionale e pubblicitario. In questi casi il consenso prestato al trattamento dei dati permette a Donnafugata di effettuare offerte promozionali e comunicazioni di marketing, anche personalizzate, sia attraverso strumenti automatizzati, quali ad esempio la posta elettronica, sia attraverso strumenti tradizionali, come posta ordinaria o chiamate telefoniche tramite operatore, relativamente a prodotti o servizi di Donnafugata. Resta ovviamente intesto che l\u2019iscrizione al Sito, ai vari servizi integrati e\/o alla newsletter potr\u00e0 essere annullata in qualsiasi momento senza costi per l\u2019utente seguendo le istruzioni inserite sul Sito e\/o in calce a ciascuna comunicazione ricevuta dall\u2019utente;<\/li>\r\n<li><strong>d.<\/strong>\u00a0nel caso in cui sia stato prestato espresso consenso, per comunicare a terzi e\/o diffondere i dati identificativi e di contatto del cliente attraverso informazioni commerciali, ricerche di mercato e socio-economiche, pubblicazione sul Sito e sugli altri canali\u00a0<em>media<\/em>\u00a0di Donnafugata;<\/li>\r\n<li><strong>e<\/strong>. relativamente alle sezione \u201c<em>Store Locator<\/em>\u201d, ai fini dell\u2019individuazione dei punti vendita che offrono prodotti e\/o servizi Donnafugata, mediante la pubblicazione dei dati di contatto ed informazioni gi\u00e0 presenti su pubblici elenchi. I dati non pubblici saranno trattati, invece, solo dietro espresso consenso dell\u2019interessato;<\/li>\r\n<li>relativamente alle sezione \u201c<em>Prenota la tua visita<\/em>\u201d, consentire l\u2019accesso presso la sede di Donnafugata e tutelare la sicurezza e la salute dei visitatori che partecipano a visite guidate con degustazione che possono includere la somministrazione di bevande alcoliche e cibo, nonch\u00e9 per finalit\u00e0 di prevenzione del contagio da coronavirus e ricadute sulla salute pubblica.<\/li>\r\n<\/ol>\r\n<p>Il mancato conferimento dei dati nella sezione \u201c<em>Login alla Press &amp; Trade Room<\/em>\u201d, \u201c<em>Store Locator<\/em>\u201d, \u201c<em>Sottoscrivi la nostra newsletter<\/em>\u201d e\/o \u201c<em>Prenota la tua visita<\/em>\u201d e\/o il mancato consenso espresso, ove richiesto, al loro trattamento per le rispettive finalit\u00e0 di cui sopra non consentir\u00e0 il corretto svolgimento dei servizi richiesti dall\u2019utente.<\/p>\r\n<p>La base giuridica del trattamento dei dati forniti per le finalit\u00e0 sopra richiamate \u00e8 costituita dalla necessit\u00e0 di dare esecuzione al\u00a0<strong>contratto di prestazione di servizi<\/strong>\u00a0secondo quanto richiesto dall\u2019utente, dalla tutela di un\u00a0<strong>interesse pubblico rilevante<\/strong>\u00a0(salute pubblica) e\/o dal\u00a0<strong>consenso espresso<\/strong>\u00a0fornito dall\u2019utente.<\/p>\r\n<ol start=\"3\">\r\n<li><strong>Modalit\u00e0 del trattamento<\/strong><\/li>\r\n<\/ol>\r\n<p>I dati raccolti verranno trattati, conservati ed elaborati con strumenti elettronici e verranno memorizzati sia su supporti informatici che su supporti cartacei, organizzati in database, e su ogni altro tipo di supporto idoneo. Specifiche misure di sicurezza sono osservate per prevenire la perdita dei dati, usi illeciti o non corretti ed accessi non autorizzati.<\/p>\r\n<p>I dati non saranno resi visibili agli altri utenti del Sito e non saranno oggetto di diffusione; potranno tuttavia essere comunicati a societ\u00e0, associazioni o studi professionali che si occupano della gestione del Sito, o che si occupano di eseguire le richieste del cliente. I dati raccolti con riferimento alle finalit\u00e0 di prevenzione del contagio da coronavirus potranno essere comunicati esclusivamente ad Enti pubblici per eventuali adempimenti di legge. L\u2019elenco dei terzi che possono ricevere i dati personali pu\u00f2 essere ottenuto con richiesta da inviare all\u2019indirizzo privacy@donnafugata.it.<\/p>\r\n<p>Oltre che per le finalit\u00e0 di cui al punto 2, i dati potranno essere trattati per obblighi e\/o diritti previsti da leggi, regolamenti o normative comunitarie, e da disposizioni delle Autorit\u00e0 di vigilanza.<\/p>\r\n<p>I dati personali forniti potranno essere liberamente trasferiti fuori dal territorio nazionale a Paesi situati nell\u2019Unione Europea. L\u2019eventuale trasferimento dei dati personali dell\u2019interessato in Paesi situati al di fuori dell\u2019Unione europea avverr\u00e0, in ogni caso, nel rispetto delle garanzie appropriate e opportune ai fini del trasferimento stesso ai sensi della normativa applicabile e in particolare degli articoli 45 e 46 del Regolamento.<\/p>\r\n<p>Il Sito utilizza cookie: per maggiori informazioni si prega di consultare la Cookie Policy all\u2019URL https:\/\/www.iubenda.com\/privacy-policy\/77394107\/cookie-policy<\/p>\r\n<ol start=\"4\">\r\n<li><strong>Periodo di conservazione dei dati<\/strong><\/li>\r\n<\/ol>\r\n<p>I dati personali raccolti ed elaborati a seguito della navigazione del Sito verranno trattati per tutto il periodo necessario all\u2019erogazione dei servizi richiesti dal cliente.<\/p>\r\n<p>Il trattamento verr\u00e0 compiuto fintanto che l\u2019interessato non eserciti la revoca mediante comunicazione scritta all\u2019indirizzo privacy@donnafugata.it o attraverso la procedura di annullamento della registrazione al Sito (seguendo le istruzioni riportate sul Sito e\/o in calce a ciascuna comunicazione ricevuta).<\/p>\r\n<p>I dati raccolti ed elaborati saranno comunque conservati per un periodo di tempo non superiore a quello necessario agli scopi per i quali sono stati raccolti o successivamente trattati, anche per adempiere ad obblighi contrattuali o di legge, anche in termini di discipline normative emergenziali, e per documentare le attivit\u00e0 svolte, nonch\u00e9 per garantire l\u2019interesse legittimo di Donnafugata a tutelarsi da responsabilit\u00e0 potenzialmente derivanti dal trattamento e sino a che ogni eventuale azione nei suoi confronti non risulti prescritta.<\/p>\r\n<ol start=\"5\">\r\n<li><strong>Soggetti a cui potranno essere comunicati i dati<\/strong><\/li>\r\n<\/ol>\r\n<p>I dati raccolti non saranno diffusi e potranno essere comunicati, oltre che a soggetti ed Enti a cui sia riconosciuta la facolt\u00e0 e l\u2019interesse di accedere ai dati personali da norme di legge o da normative secondarie e\/o comunitarie, a personale interno o collaboratori esterni del Titolare, nonch\u00e9 a societ\u00e0, associazioni o studi professionali che prestino servizi ed attivit\u00e0 per conto del Titolare in qualit\u00e0 di responsabili del trattamento per l\u2019adempimento di obblighi di legge, nonch\u00e9 per ogni esigenza organizzativa ed amministrativa necessaria per fornire i servizi richiesti. I nominativi dei soggetti che potranno venire a conoscenza dei dati in qualit\u00e0 di responsabili del trattamento sono riportati in un elenco aggiornato disponibile presso Donnafugata (da richiedersi all\u2019indirizzo email indicato al punto 6).<\/p>\r\n<ol start=\"6\">\r\n<li><strong>Diritti del soggetto cui si riferiscono i dati<\/strong><\/li>\r\n<\/ol>\r\n<p>In relazione ai suindicati trattamenti di dati, il soggetto cui si riferiscono i dati ha la facolt\u00e0 di esercitare in ogni momento i diritti previsti dal Regolamento (artt. 15, 16, 17, 18, 19, 20, 21), ossia i diritti di: a) accedere ai dati personali; b) chiederne la rettifica, l&#8217;aggiornamento, l\u2019integrazione, la cancellazione, la limitazione o la portabilit\u00e0; c) opporsi al trattamento; d) revocare il consenso al trattamento dei dati ed e) proporre reclamo all\u2019Autorit\u00e0 Garante per la Protezione dei Dati Personali, seguendo le procedure e le indicazioni pubblicate sul sito web www.garanteprivacy.it.<\/p>\r\n<p>Per qualsiasi chiarimento sulle modalit\u00e0 di trattamento dei dati e per l\u2019esercizio dei diritti sopra elencati, scrivendo al seguente indirizzo di posta elettronica\u00a0<a href=\"mailto:privacy@donnafugata.it\">privacy@donnafugata.it<\/a>. Il Titolare risponder\u00e0 all\u2019interessato entro 30 giorni dalla ricezione della richiesta, con riserva di avvalersi del diritto di proroga di ulteriori tre mesi in casi di particolare difficolt\u00e0, previa comunicazione motivata all\u2019interessato<\/p>\r\n<ol start=\"7\">\r\n<li><strong>Titolare del trattamento \u2013 Data Protection Officer \u2013 Dati di contatto<\/strong><\/li>\r\n<\/ol>\r\n<p>Il Titolare del trattamento dei dati \u00e8 Tenuta di Donnafugata S.r.l. Societ\u00e0 Agricola, Via S.Lipari,18, Marsala TP, P.IVA 01155720814, Tel\/Fax 0923724201\/0923724211.<\/p>\r\n<p>Donnafugata ha nominato quale Data Protection Officer lo Studio Cartwright Pescatore, con designazione dell\u2019Avv. Francesca Zichittella, contattabile al seguente indirizzo e-mail: francesca.zichittella@becp.eu<\/p>\r\n<p>Donnafugata si riserva il diritto di aggiornare la presente\u00a0<strong><a href=\"https:\/\/www.iubenda.com\/privacy-policy\/77394107\" target=\"_blank\" rel=\"noopener\">informativa\u00a0<\/a><\/strong>sul trattamento di dati personali.<\/p>\r\n<\/div>\r\n","protected":false},"excerpt":{"rendered":"<p>Normativa sulla Privacy INFORMATIVA SUL TRATTAMENTO DEI DATI PERSONALI Informativa sul trattamento dei dati personali\u00a0ex\u00a0artt. 13 e 14 del Regolamento UE 2016\/679 (&#8220;Regolamento&#8221;). TENUTA DI DONNAFUGATA S.r.l. Societ\u00e0 Agricola (\u201cDonnafugata\u201d), fornisce le informazioni relative al trattamento dei dati personali dell\u2019utente che navighi all\u2019interno dei siti web di Donnafugata agli indirizzi\u00a0https:\/\/www.donnafugata.it,\u00a0https:\/\/visit.donnafugata.it,\u00a0https:\/\/wineclub.donnafugata.it, https:\/\/winelovers.donnafugata.it nonch\u00e9 ogni altro indirizzo [&hellip;]<\/p>\n","protected":false},"author":1,"featured_media":0,"parent":0,"menu_order":0,"comment_status":"closed","ping_status":"closed","template":"","meta":[],"acf":[],"yoast_head":"<!-- This site is optimized with the Yoast SEO plugin v19.10 - https:\/\/yoast.com\/wordpress\/plugins\/seo\/ -->\n<title>Privacy Policy - Donnafugata<\/title>\n<meta name=\"description\" content=\"Normativa sulla Privacy INFORMATIVA SUL TRATTAMENTO DEI DATI PERSONALI Informativa sul trattamento dei dati personali\u00a0ex\u00a0artt. 13 e 14 del Regolamento UE\" \/>\n<meta name=\"robots\" content=\"index, follow, max-snippet:-1, max-image-preview:large, max-video-preview:-1\" \/>\n<meta property=\"og:locale\" content=\"it_IT\" \/>\n<meta property=\"og:type\" content=\"article\" \/>\n<meta property=\"og:title\" content=\"Privacy Policy - Donnafugata\" \/>\n<meta property=\"og:description\" content=\"Normativa sulla Privacy INFORMATIVA SUL TRATTAMENTO DEI DATI PERSONALI Informativa sul trattamento dei dati personali\u00a0ex\u00a0artt. 13 e 14 del Regolamento UE\" \/>\n<meta property=\"og:url\" content=\"https:\/\/www.donnafugata.it\/it\/privacy-policy\/\" \/>\n<meta property=\"og:site_name\" content=\"Donnafugata\" \/>\n<meta property=\"article:modified_time\" content=\"2023-07-24T10:47:26+00:00\" \/>\n<meta name=\"twitter:card\" content=\"summary_large_image\" \/>\n<meta name=\"twitter:label1\" content=\"Tempo di lettura stimato\" \/>\n\t<meta name=\"twitter:data1\" content=\"7 minuti\" \/>\n<script type=\"application\/ld+json\" class=\"yoast-schema-graph\">{\"@context\":\"https:\/\/schema.org\",\"@graph\":[{\"@type\":\"WebPage\",\"@id\":\"https:\/\/www.donnafugata.it\/it\/privacy-policy\/\",\"url\":\"https:\/\/www.donnafugata.it\/it\/privacy-policy\/\",\"name\":\"Privacy Policy - Donnafugata\",\"isPartOf\":{\"@id\":\"https:\/\/www.donnafugata.it\/en\/#website\"},\"datePublished\":\"2022-08-30T14:58:28+00:00\",\"dateModified\":\"2023-07-24T10:47:26+00:00\",\"description\":\"Normativa sulla Privacy INFORMATIVA SUL TRATTAMENTO DEI DATI PERSONALI Informativa sul trattamento dei dati personali\u00a0ex\u00a0artt. 13 e 14 del Regolamento UE\",\"breadcrumb\":{\"@id\":\"https:\/\/www.donnafugata.it\/it\/privacy-policy\/#breadcrumb\"},\"inLanguage\":\"it-IT\",\"potentialAction\":[{\"@type\":\"ReadAction\",\"target\":[\"https:\/\/www.donnafugata.it\/it\/privacy-policy\/\"]}]},{\"@type\":\"BreadcrumbList\",\"@id\":\"https:\/\/www.donnafugata.it\/it\/privacy-policy\/#breadcrumb\",\"itemListElement\":[{\"@type\":\"ListItem\",\"position\":1,\"name\":\"Home\",\"item\":\"https:\/\/www.donnafugata.it\/it\/\"},{\"@type\":\"ListItem\",\"position\":2,\"name\":\"Privacy Policy\"}]},{\"@type\":\"WebSite\",\"@id\":\"https:\/\/www.donnafugata.it\/en\/#website\",\"url\":\"https:\/\/www.donnafugata.it\/en\/\",\"name\":\"Donnafugata\",\"description\":\"Donnafugata INT\",\"potentialAction\":[{\"@type\":\"SearchAction\",\"target\":{\"@type\":\"EntryPoint\",\"urlTemplate\":\"https:\/\/www.donnafugata.it\/en\/?s={search_term_string}\"},\"query-input\":\"required name=search_term_string\"}],\"inLanguage\":\"it-IT\"}]}<\/script>\n<!-- \/ Yoast SEO plugin. -->","yoast_head_json":{"title":"Privacy Policy - Donnafugata","description":"Normativa sulla Privacy INFORMATIVA SUL TRATTAMENTO DEI DATI PERSONALI Informativa sul trattamento dei dati personali\u00a0ex\u00a0artt. 13 e 14 del Regolamento UE","robots":{"index":"index","follow":"follow","max-snippet":"max-snippet:-1","max-image-preview":"max-image-preview:large","max-video-preview":"max-video-preview:-1"},"og_locale":"it_IT","og_type":"article","og_title":"Privacy Policy - Donnafugata","og_description":"Normativa sulla Privacy INFORMATIVA SUL TRATTAMENTO DEI DATI PERSONALI Informativa sul trattamento dei dati personali\u00a0ex\u00a0artt. 13 e 14 del Regolamento UE","og_url":"https:\/\/www.donnafugata.it\/it\/privacy-policy\/","og_site_name":"Donnafugata","article_modified_time":"2023-07-24T10:47:26+00:00","twitter_card":"summary_large_image","twitter_misc":{"Tempo di lettura stimato":"7 minuti"},"schema":{"@context":"https:\/\/schema.org","@graph":[{"@type":"WebPage","@id":"https:\/\/www.donnafugata.it\/it\/privacy-policy\/","url":"https:\/\/www.donnafugata.it\/it\/privacy-policy\/","name":"Privacy Policy - Donnafugata","isPartOf":{"@id":"https:\/\/www.donnafugata.it\/en\/#website"},"datePublished":"2022-08-30T14:58:28+00:00","dateModified":"2023-07-24T10:47:26+00:00","description":"Normativa sulla Privacy INFORMATIVA SUL TRATTAMENTO DEI DATI PERSONALI Informativa sul trattamento dei dati personali\u00a0ex\u00a0artt. 13 e 14 del Regolamento UE","breadcrumb":{"@id":"https:\/\/www.donnafugata.it\/it\/privacy-policy\/#breadcrumb"},"inLanguage":"it-IT","potentialAction":[{"@type":"ReadAction","target":["https:\/\/www.donnafugata.it\/it\/privacy-policy\/"]}]},{"@type":"BreadcrumbList","@id":"https:\/\/www.donnafugata.it\/it\/privacy-policy\/#breadcrumb","itemListElement":[{"@type":"ListItem","position":1,"name":"Home","item":"https:\/\/www.donnafugata.it\/it\/"},{"@type":"ListItem","position":2,"name":"Privacy Policy"}]},{"@type":"WebSite","@id":"https:\/\/www.donnafugata.it\/en\/#website","url":"https:\/\/www.donnafugata.it\/en\/","name":"Donnafugata","description":"Donnafugata INT","potentialAction":[{"@type":"SearchAction","target":{"@type":"EntryPoint","urlTemplate":"https:\/\/www.donnafugata.it\/en\/?s={search_term_string}"},"query-input":"required name=search_term_string"}],"inLanguage":"it-IT"}]}},"_links":{"self":[{"href":"https:\/\/www.donnafugata.it\/it\/wp-json\/wp\/v2\/pages\/580"}],"collection":[{"href":"https:\/\/www.donnafugata.it\/it\/wp-json\/wp\/v2\/pages"}],"about":[{"href":"https:\/\/www.donnafugata.it\/it\/wp-json\/wp\/v2\/types\/page"}],"author":[{"embeddable":true,"href":"https:\/\/www.donnafugata.it\/it\/wp-json\/wp\/v2\/users\/1"}],"replies":[{"embeddable":true,"href":"https:\/\/www.donnafugata.it\/it\/wp-json\/wp\/v2\/comments?post=580"}],"version-history":[{"count":1,"href":"https:\/\/www.donnafugata.it\/it\/wp-json\/wp\/v2\/pages\/580\/revisions"}],"predecessor-version":[{"id":161549,"href":"https:\/\/www.donnafugata.it\/it\/wp-json\/wp\/v2\/pages\/580\/revisions\/161549"}],"wp:attachment":[{"href":"https:\/\/www.donnafugata.it\/it\/wp-json\/wp\/v2\/media?parent=580"}],"curies":[{"name":"wp","href":"https:\/\/api.w.org\/{rel}","templated":true}]}}