{"id":2842,"date":"2022-09-19T13:39:45","date_gmt":"2022-09-19T13:39:45","guid":{"rendered":"https:\/\/www.donnafugata.it\/ita\/product\/sedara\/"},"modified":"2025-11-26T11:39:14","modified_gmt":"2025-11-26T10:39:14","slug":"sedara","status":"publish","type":"product","link":"https:\/\/www.donnafugata.it\/ita\/it\/prodotto\/sedara\/","title":{"rendered":"Sed\u00e0ra"},"content":{"rendered":"<p>Un bicchiere di qualit\u00e0 perfetto da bere tutti i giorni<\/p>\n","protected":false},"excerpt":{"rendered":"<p>Un bicchiere di qualit\u00e0 perfetto da bere tutti i giorni<\/p>\n","protected":false},"featured_media":9644,"template":"","meta":[],"product_cat":[54],"product_tag":[],"acf":[],"yoast_head":"<!-- This site is optimized with the Yoast SEO plugin v19.10 - https:\/\/yoast.com\/wordpress\/plugins\/seo\/ -->\n<title>Sed\u00e0ra - Donnafugata<\/title>\n<meta name=\"robots\" content=\"noindex, follow\" \/>\n<meta property=\"og:locale\" content=\"it_IT\" \/>\n<meta property=\"og:type\" content=\"article\" \/>\n<meta property=\"og:title\" content=\"Sed\u00e0ra - Donnafugata\" \/>\n<meta property=\"og:description\" content=\"Un bicchiere di qualit\u00e0 perfetto da bere tutti i giorni\" \/>\n<meta property=\"og:url\" content=\"https:\/\/www.donnafugata.it\/ita\/it\/prodotto\/sedara\/\" \/>\n<meta property=\"og:site_name\" content=\"Donnafugata\" \/>\n<meta property=\"article:modified_time\" content=\"2025-11-26T10:39:14+00:00\" \/>\n<meta property=\"og:image\" content=\"https:\/\/www.donnafugata.it\/ita\/wp-content\/uploads\/sites\/2\/2022\/10\/1_VI03020E_Seda\u2560Cra-2020_075-L_thumb.jpg\" \/>\n\t<meta property=\"og:image:width\" content=\"720\" \/>\n\t<meta property=\"og:image:height\" content=\"959\" \/>\n\t<meta property=\"og:image:type\" content=\"image\/jpeg\" \/>\n<meta name=\"twitter:card\" content=\"summary_large_image\" \/>\n<meta name=\"twitter:label1\" content=\"Tempo di lettura stimato\" \/>\n\t<meta name=\"twitter:data1\" content=\"1 minuto\" \/>\n<script type=\"application\/ld+json\" class=\"yoast-schema-graph\">{\"@context\":\"https:\/\/schema.org\",\"@graph\":[{\"@type\":\"WebPage\",\"@id\":\"https:\/\/www.donnafugata.it\/ita\/it\/prodotto\/sedara\/\",\"url\":\"https:\/\/www.donnafugata.it\/ita\/it\/prodotto\/sedara\/\",\"name\":\"Sed\u00e0ra - Donnafugata\",\"isPartOf\":{\"@id\":\"https:\/\/www.donnafugata.it\/ita\/it\/#website\"},\"datePublished\":\"2022-09-19T13:39:45+00:00\",\"dateModified\":\"2025-11-26T10:39:14+00:00\",\"breadcrumb\":{\"@id\":\"https:\/\/www.donnafugata.it\/ita\/it\/prodotto\/sedara\/#breadcrumb\"},\"inLanguage\":\"it-IT\",\"potentialAction\":[{\"@type\":\"ReadAction\",\"target\":[\"https:\/\/www.donnafugata.it\/ita\/it\/prodotto\/sedara\/\"]}]},{\"@type\":\"BreadcrumbList\",\"@id\":\"https:\/\/www.donnafugata.it\/ita\/it\/prodotto\/sedara\/#breadcrumb\",\"itemListElement\":[{\"@type\":\"ListItem\",\"position\":1,\"name\":\"Home\",\"item\":\"https:\/\/www.donnafugata.it\/ita\/it\/\"},{\"@type\":\"ListItem\",\"position\":2,\"name\":\"Tutti i vini\",\"item\":\"https:\/\/www.donnafugata.it\/ita\/it\/tutti-i-vini\/\"},{\"@type\":\"ListItem\",\"position\":3,\"name\":\"Sed\u00e0ra\"}]},{\"@type\":\"WebSite\",\"@id\":\"https:\/\/www.donnafugata.it\/ita\/it\/#website\",\"url\":\"https:\/\/www.donnafugata.it\/ita\/it\/\",\"name\":\"Donnafugata\",\"description\":\"Donnafugata ITA\",\"potentialAction\":[{\"@type\":\"SearchAction\",\"target\":{\"@type\":\"EntryPoint\",\"urlTemplate\":\"https:\/\/www.donnafugata.it\/ita\/it\/?s={search_term_string}\"},\"query-input\":\"required name=search_term_string\"}],\"inLanguage\":\"it-IT\"}]}<\/script>\n<!-- \/ Yoast SEO plugin. -->","yoast_head_json":{"title":"Sed\u00e0ra - Donnafugata","robots":{"index":"noindex","follow":"follow"},"og_locale":"it_IT","og_type":"article","og_title":"Sed\u00e0ra - Donnafugata","og_description":"Un bicchiere di qualit\u00e0 perfetto da bere tutti i giorni","og_url":"https:\/\/www.donnafugata.it\/ita\/it\/prodotto\/sedara\/","og_site_name":"Donnafugata","article_modified_time":"2025-11-26T10:39:14+00:00","og_image":[{"width":720,"height":959,"url":"https:\/\/www.donnafugata.it\/ita\/wp-content\/uploads\/sites\/2\/2022\/10\/1_VI03020E_Seda\u2560Cra-2020_075-L_thumb.jpg","type":"image\/jpeg"}],"twitter_card":"summary_large_image","twitter_misc":{"Tempo di lettura stimato":"1 minuto"},"schema":{"@context":"https:\/\/schema.org","@graph":[{"@type":"WebPage","@id":"https:\/\/www.donnafugata.it\/ita\/it\/prodotto\/sedara\/","url":"https:\/\/www.donnafugata.it\/ita\/it\/prodotto\/sedara\/","name":"Sed\u00e0ra - Donnafugata","isPartOf":{"@id":"https:\/\/www.donnafugata.it\/ita\/it\/#website"},"datePublished":"2022-09-19T13:39:45+00:00","dateModified":"2025-11-26T10:39:14+00:00","breadcrumb":{"@id":"https:\/\/www.donnafugata.it\/ita\/it\/prodotto\/sedara\/#breadcrumb"},"inLanguage":"it-IT","potentialAction":[{"@type":"ReadAction","target":["https:\/\/www.donnafugata.it\/ita\/it\/prodotto\/sedara\/"]}]},{"@type":"BreadcrumbList","@id":"https:\/\/www.donnafugata.it\/ita\/it\/prodotto\/sedara\/#breadcrumb","itemListElement":[{"@type":"ListItem","position":1,"name":"Home","item":"https:\/\/www.donnafugata.it\/ita\/it\/"},{"@type":"ListItem","position":2,"name":"Tutti i vini","item":"https:\/\/www.donnafugata.it\/ita\/it\/tutti-i-vini\/"},{"@type":"ListItem","position":3,"name":"Sed\u00e0ra"}]},{"@type":"WebSite","@id":"https:\/\/www.donnafugata.it\/ita\/it\/#website","url":"https:\/\/www.donnafugata.it\/ita\/it\/","name":"Donnafugata","description":"Donnafugata ITA","potentialAction":[{"@type":"SearchAction","target":{"@type":"EntryPoint","urlTemplate":"https:\/\/www.donnafugata.it\/ita\/it\/?s={search_term_string}"},"query-input":"required name=search_term_string"}],"inLanguage":"it-IT"}]}},"_links":{"self":[{"href":"https:\/\/www.donnafugata.it\/ita\/it\/wp-json\/wp\/v2\/product\/2842"}],"collection":[{"href":"https:\/\/www.donnafugata.it\/ita\/it\/wp-json\/wp\/v2\/product"}],"about":[{"href":"https:\/\/www.donnafugata.it\/ita\/it\/wp-json\/wp\/v2\/types\/product"}],"wp:featuredmedia":[{"embeddable":true,"href":"https:\/\/www.donnafugata.it\/ita\/it\/wp-json\/wp\/v2\/media\/9644"}],"wp:attachment":[{"href":"https:\/\/www.donnafugata.it\/ita\/it\/wp-json\/wp\/v2\/media?parent=2842"}],"wp:term":[{"taxonomy":"product_cat","embeddable":true,"href":"https:\/\/www.donnafugata.it\/ita\/it\/wp-json\/wp\/v2\/product_cat?post=2842"},{"taxonomy":"product_tag","embeddable":true,"href":"https:\/\/www.donnafugata.it\/ita\/it\/wp-json\/wp\/v2\/product_tag?post=2842"}],"curies":[{"name":"wp","href":"https:\/\/api.w.org\/{rel}","templated":true}]}}